{"id":3100,"date":"2026-02-23T10:33:23","date_gmt":"2026-02-23T09:33:23","guid":{"rendered":"https:\/\/www.althom.de\/?page_id=3100"},"modified":"2026-02-23T10:34:04","modified_gmt":"2026-02-23T09:34:04","slug":"ils-lsa","status":"publish","type":"page","link":"https:\/\/www.althom.de\/en\/ils-lsa\/","title":{"rendered":"ILS\/LSA"},"content":{"rendered":"<div data-elementor-type=\"wp-page\" data-elementor-id=\"3100\" class=\"elementor elementor-3100\">\n\t\t\t\t\t\t<section class=\"elementor-section elementor-top-section elementor-element elementor-element-7bd0f853 elementor-section-height-min-height elementor-section-boxed elementor-section-height-default elementor-section-items-middle\" data-id=\"7bd0f853\" data-element_type=\"section\" data-e-type=\"section\" data-settings=\"{&quot;background_background&quot;:&quot;classic&quot;}\">\n\t\t\t\t\t\t\t<div class=\"elementor-background-overlay\"><\/div>\n\t\t\t\t\t\t\t<div class=\"elementor-container elementor-column-gap-default\">\n\t\t\t\t\t<div class=\"elementor-column elementor-col-100 elementor-top-column elementor-element elementor-element-606cf6ab\" data-id=\"606cf6ab\" data-element_type=\"column\" data-e-type=\"column\">\n\t\t\t<div class=\"elementor-widget-wrap elementor-element-populated\">\n\t\t\t\t\t\t<div class=\"elementor-element elementor-element-2ba56c15 elementor-invisible elementor-widget elementor-widget-heading\" data-id=\"2ba56c15\" data-element_type=\"widget\" data-e-type=\"widget\" data-settings=\"{&quot;_animation&quot;:&quot;fadeInLeft&quot;,&quot;_animation_delay&quot;:200}\" data-widget_type=\"heading.default\">\n\t\t\t\t<div class=\"elementor-widget-container\">\n\t\t\t\t\t<p class=\"elementor-heading-title elementor-size-default\">ILS\/LSA<\/p>\t\t\t\t<\/div>\n\t\t\t\t<\/div>\n\t\t\t\t\t<\/div>\n\t\t<\/div>\n\t\t\t\t\t<\/div>\n\t\t<\/section>\n\t\t\t\t<section class=\"elementor-section elementor-top-section elementor-element elementor-element-fb194d0 elementor-section-boxed elementor-section-height-default elementor-section-height-default\" data-id=\"fb194d0\" data-element_type=\"section\" data-e-type=\"section\" data-settings=\"{&quot;background_background&quot;:&quot;classic&quot;}\">\n\t\t\t\t\t\t<div class=\"elementor-container elementor-column-gap-default\">\n\t\t\t\t\t<div class=\"elementor-column elementor-col-100 elementor-top-column elementor-element elementor-element-76f32a61\" data-id=\"76f32a61\" data-element_type=\"column\" data-e-type=\"column\">\n\t\t\t<div class=\"elementor-widget-wrap elementor-element-populated\">\n\t\t\t\t\t\t<div class=\"elementor-element elementor-element-44f52a elementor-invisible elementor-widget elementor-widget-heading\" data-id=\"44f52a\" data-element_type=\"widget\" data-e-type=\"widget\" data-settings=\"{&quot;_animation&quot;:&quot;fadeInUp&quot;}\" data-widget_type=\"heading.default\">\n\t\t\t\t<div class=\"elementor-widget-container\">\n\t\t\t\t\t<h2 class=\"elementor-heading-title elementor-size-default\">Integrated Logistics Support (ILS) <\/h2>\t\t\t\t<\/div>\n\t\t\t\t<\/div>\n\t\t\t\t<div class=\"elementor-element elementor-element-c907619 elementor-widget elementor-widget-text-editor\" data-id=\"c907619\" data-element_type=\"widget\" data-e-type=\"widget\" data-settings=\"{&quot;_animation&quot;:&quot;none&quot;,&quot;_animation_delay&quot;:400}\" data-widget_type=\"text-editor.default\">\n\t\t\t\t<div class=\"elementor-widget-container\">\n\t\t\t\t\t\t\t\t\t<ul><li><strong>Logistics Planning and Analysis<\/strong><br \/>Our team assists clients in developing logistics plans that optimize performance and reduce\ncosts, incorporating LORA methodologies to assess operational readiness.<\/li><li><strong>Reliability, Availability, and Maintainability (RAM) Analysis<\/strong><br \/>We conduct detailed RAM analyses to ensure systems meet required levels of reliability, \navailability, and maintainability, aligning with LORA objectives for operational effectiveness.<\/li><li><strong>Supply Chain Management<\/strong><br \/>Through comprehensive supply chain analysis, we identify inefficiencies and implement \nstrategies to enhance productivity and minimize lead times, aligning with LORA requirements for \nlogistical readiness.<\/li><li><b>Technical Documentation and Training<br \/><\/b>We specialize in creating clear, concise technical documentation and provide training programs \naligned with LORA guidelines to support effective system operation and maintenance.<\/li><\/ul>\t\t\t\t\t\t\t\t<\/div>\n\t\t\t\t<\/div>\n\t\t\t\t\t<\/div>\n\t\t<\/div>\n\t\t\t\t\t<\/div>\n\t\t<\/section>\n\t\t\t\t<section class=\"elementor-section elementor-top-section elementor-element elementor-element-14daeee1 elementor-section-boxed elementor-section-height-default elementor-section-height-default\" data-id=\"14daeee1\" data-element_type=\"section\" data-e-type=\"section\" data-settings=\"{&quot;background_background&quot;:&quot;classic&quot;}\">\n\t\t\t\t\t\t\t<div class=\"elementor-background-overlay\"><\/div>\n\t\t\t\t\t\t\t<div class=\"elementor-container elementor-column-gap-default\">\n\t\t\t\t\t<div class=\"elementor-column elementor-col-50 elementor-top-column elementor-element elementor-element-fffbb72 elementor-invisible\" data-id=\"fffbb72\" data-element_type=\"column\" data-e-type=\"column\" data-settings=\"{&quot;background_background&quot;:&quot;classic&quot;,&quot;animation&quot;:&quot;fadeInLeft&quot;}\">\n\t\t\t<div class=\"elementor-widget-wrap elementor-element-populated\">\n\t\t\t\t\t<div class=\"elementor-background-overlay\"><\/div>\n\t\t\t\t\t\t<div class=\"elementor-element elementor-element-7990cfba elementor-widget elementor-widget-heading\" data-id=\"7990cfba\" data-element_type=\"widget\" data-e-type=\"widget\" data-widget_type=\"heading.default\">\n\t\t\t\t<div class=\"elementor-widget-container\">\n\t\t\t\t\t<h5 class=\"elementor-heading-title elementor-size-default\">ILS\/LSA<\/h5>\t\t\t\t<\/div>\n\t\t\t\t<\/div>\n\t\t\t\t\t<\/div>\n\t\t<\/div>\n\t\t\t\t<div class=\"elementor-column elementor-col-50 elementor-top-column elementor-element elementor-element-4f99ef43 elementor-invisible\" data-id=\"4f99ef43\" data-element_type=\"column\" data-e-type=\"column\" data-settings=\"{&quot;animation&quot;:&quot;fadeInRight&quot;}\">\n\t\t\t<div class=\"elementor-widget-wrap elementor-element-populated\">\n\t\t\t\t\t\t<div class=\"elementor-element elementor-element-52f628de elementor-widget elementor-widget-text-editor\" data-id=\"52f628de\" data-element_type=\"widget\" data-e-type=\"widget\" data-widget_type=\"text-editor.default\">\n\t\t\t\t<div class=\"elementor-widget-container\">\n\t\t\t\t\t\t\t\t\t<ul><li><strong>Life Cycle Cost Analysis<\/strong><br \/>Our meticulous cost analysis helps clients forecast expenses accurately, supporting LORA\nevaluations to optimize life cycle costs and ensure cost-effective sustainment.<\/li><li><strong>Configuration Management<\/strong><br \/>We offer robust configuration management services to maintain alignment with evolving\nrequirements and specifications, mitigating risks identified through LORA assessments.<\/li><li><strong>Obsolescence Management<\/strong><br \/>Our proactive obsolescence management strategies minimize the impact of obsolete\ncomponents and technologies on system performance, addressing concerns highlighted in \nLORA evaluations.<\/li><li><b>Sustainment Planning<\/b><br \/>We assist clients in developing long-term sustainment strategies that support LORA\nobjectives, ensuring systems maintain peak performance throughout their life cycle.<\/li><\/ul>\t\t\t\t\t\t\t\t<\/div>\n\t\t\t\t<\/div>\n\t\t\t\t\t<\/div>\n\t\t<\/div>\n\t\t\t\t\t<\/div>\n\t\t<\/section>\n\t\t\t\t<section class=\"elementor-section elementor-top-section elementor-element elementor-element-46a96b58 elementor-section-boxed elementor-section-height-default elementor-section-height-default\" data-id=\"46a96b58\" data-element_type=\"section\" data-e-type=\"section\">\n\t\t\t\t\t\t<div class=\"elementor-container elementor-column-gap-default\">\n\t\t\t\t\t<div class=\"elementor-column elementor-col-100 elementor-top-column elementor-element elementor-element-5722d452\" data-id=\"5722d452\" data-element_type=\"column\" data-e-type=\"column\">\n\t\t\t<div class=\"elementor-widget-wrap elementor-element-populated\">\n\t\t\t\t\t\t<div class=\"elementor-element elementor-element-792826a3 elementor-align-center elementor-mobile-align-center elementor-widget elementor-widget-button\" data-id=\"792826a3\" data-element_type=\"widget\" data-e-type=\"widget\" data-settings=\"{&quot;_animation&quot;:&quot;none&quot;}\" data-widget_type=\"button.default\">\n\t\t\t\t<div class=\"elementor-widget-container\">\n\t\t\t\t\t\t\t\t\t<div class=\"elementor-button-wrapper\">\n\t\t\t\t\t<a class=\"elementor-button elementor-button-link elementor-size-sm\" href=\"https:\/\/www.althom.de\/en\/kontakt\/\">\n\t\t\t\t\t\t<span class=\"elementor-button-content-wrapper\">\n\t\t\t\t\t\t\t\t\t<span class=\"elementor-button-text\">CONTACT US<\/span>\n\t\t\t\t\t<\/span>\n\t\t\t\t\t<\/a>\n\t\t\t\t<\/div>\n\t\t\t\t\t\t\t\t<\/div>\n\t\t\t\t<\/div>\n\t\t\t\t\t<\/div>\n\t\t<\/div>\n\t\t\t\t\t<\/div>\n\t\t<\/section>\n\t\t\t\t<\/div>","protected":false},"excerpt":{"rendered":"<p>ILS\/LSA Integrated Logistics Support (ILS) Logistics Planning and AnalysisUnser Team unterst\u00fctzt Kunden bei der Entwicklung von Logistikpl\u00e4nen, die die Leistung optimieren und die Kosten senken, wobei LORA-Methoden zur Beurteilung der Einsatzbereitschaft eingesetzt werden. Reliability, Availability, and Maintainability (RAM) AnalysisWir f\u00fchren detaillierte RAM-Analysen durch, um sicherzustellen, dass die Systeme die erforderlichen Standards an Zuverl\u00e4ssigkeit, Verf\u00fcgbarkeit und [&hellip;]<\/p>\n","protected":false},"author":1,"featured_media":0,"parent":0,"menu_order":0,"comment_status":"closed","ping_status":"closed","template":"","meta":{"ocean_post_layout":"full-screen","ocean_both_sidebars_style":"","ocean_both_sidebars_content_width":0,"ocean_both_sidebars_sidebars_width":0,"ocean_sidebar":"0","ocean_second_sidebar":"0","ocean_disable_margins":"enable","ocean_add_body_class":"","ocean_shortcode_before_top_bar":"","ocean_shortcode_after_top_bar":"","ocean_shortcode_before_header":"","ocean_shortcode_after_header":"","ocean_has_shortcode":"","ocean_shortcode_after_title":"","ocean_shortcode_before_footer_widgets":"","ocean_shortcode_after_footer_widgets":"","ocean_shortcode_before_footer_bottom":"","ocean_shortcode_after_footer_bottom":"","ocean_display_top_bar":"off","ocean_display_header":"default","ocean_header_style":"","ocean_center_header_left_menu":"0","ocean_custom_header_template":"0","ocean_custom_logo":0,"ocean_custom_retina_logo":0,"ocean_custom_logo_max_width":0,"ocean_custom_logo_tablet_max_width":0,"ocean_custom_logo_mobile_max_width":0,"ocean_custom_logo_max_height":0,"ocean_custom_logo_tablet_max_height":0,"ocean_custom_logo_mobile_max_height":0,"ocean_header_custom_menu":"0","ocean_menu_typo_font_family":"0","ocean_menu_typo_font_subset":"","ocean_menu_typo_font_size":0,"ocean_menu_typo_font_size_tablet":0,"ocean_menu_typo_font_size_mobile":0,"ocean_menu_typo_font_size_unit":"px","ocean_menu_typo_font_weight":"","ocean_menu_typo_font_weight_tablet":"","ocean_menu_typo_font_weight_mobile":"","ocean_menu_typo_transform":"","ocean_menu_typo_transform_tablet":"","ocean_menu_typo_transform_mobile":"","ocean_menu_typo_line_height":0,"ocean_menu_typo_line_height_tablet":0,"ocean_menu_typo_line_height_mobile":0,"ocean_menu_typo_line_height_unit":"","ocean_menu_typo_spacing":0,"ocean_menu_typo_spacing_tablet":0,"ocean_menu_typo_spacing_mobile":0,"ocean_menu_typo_spacing_unit":"","ocean_menu_link_color":"","ocean_menu_link_color_hover":"","ocean_menu_link_color_active":"","ocean_menu_link_background":"","ocean_menu_link_hover_background":"","ocean_menu_link_active_background":"","ocean_menu_social_links_bg":"","ocean_menu_social_hover_links_bg":"","ocean_menu_social_links_color":"","ocean_menu_social_hover_links_color":"","ocean_disable_title":"on","ocean_disable_heading":"default","ocean_post_title":"","ocean_post_subheading":"","ocean_post_title_style":"","ocean_post_title_background_color":"","ocean_post_title_background":0,"ocean_post_title_bg_image_position":"","ocean_post_title_bg_image_attachment":"","ocean_post_title_bg_image_repeat":"","ocean_post_title_bg_image_size":"","ocean_post_title_height":0,"ocean_post_title_bg_overlay":0.5,"ocean_post_title_bg_overlay_color":"","ocean_disable_breadcrumbs":"default","ocean_breadcrumbs_color":"","ocean_breadcrumbs_separator_color":"","ocean_breadcrumbs_links_color":"","ocean_breadcrumbs_links_hover_color":"","ocean_display_footer_widgets":"default","ocean_display_footer_bottom":"default","ocean_custom_footer_template":"0","footnotes":""},"class_list":["post-3100","page","type-page","status-publish","hentry","entry"],"yoast_head":"<!-- This site is optimized with the Yoast SEO plugin v27.5 - https:\/\/yoast.com\/product\/yoast-seo-wordpress\/ -->\n<title>ILS\/LSA - Althom<\/title>\n<meta name=\"description\" content=\"Wir bieten Ihnen die Spezifizierung, Entwicklung, Optimierung, Umsetzung und Monitoring von Prozessen. Wir kennen die Methoden und haben L\u00f6sungen.\" \/>\n<meta name=\"robots\" content=\"index, follow, max-snippet:-1, max-image-preview:large, max-video-preview:-1\" \/>\n<link rel=\"canonical\" href=\"https:\/\/www.althom.de\/en\/ils-lsa\/\" \/>\n<meta property=\"og:locale\" content=\"en_GB\" \/>\n<meta property=\"og:type\" content=\"article\" \/>\n<meta property=\"og:title\" content=\"ILS\/LSA - Althom\" \/>\n<meta property=\"og:description\" content=\"Wir bieten Ihnen die Spezifizierung, Entwicklung, Optimierung, Umsetzung und Monitoring von Prozessen. Wir kennen die Methoden und haben L\u00f6sungen.\" \/>\n<meta property=\"og:url\" content=\"https:\/\/www.althom.de\/en\/ils-lsa\/\" \/>\n<meta property=\"og:site_name\" content=\"Althom\" \/>\n<meta property=\"article:publisher\" content=\"https:\/\/www.facebook.com\/AlthomGmbh\" \/>\n<meta property=\"article:modified_time\" content=\"2026-02-23T09:34:04+00:00\" \/>\n<meta name=\"twitter:card\" content=\"summary_large_image\" \/>\n<meta name=\"twitter:label1\" content=\"Estimated reading time\" \/>\n\t<meta name=\"twitter:data1\" content=\"2 minutes\" \/>\n<script type=\"application\/ld+json\" class=\"yoast-schema-graph\">{\"@context\":\"https:\\\/\\\/schema.org\",\"@graph\":[{\"@type\":\"WebPage\",\"@id\":\"https:\\\/\\\/www.althom.de\\\/ils-lsa\\\/\",\"url\":\"https:\\\/\\\/www.althom.de\\\/ils-lsa\\\/\",\"name\":\"ILS\\\/LSA - Althom\",\"isPartOf\":{\"@id\":\"https:\\\/\\\/www.althom.de\\\/#website\"},\"datePublished\":\"2026-02-23T09:33:23+00:00\",\"dateModified\":\"2026-02-23T09:34:04+00:00\",\"description\":\"Wir bieten Ihnen die Spezifizierung, Entwicklung, Optimierung, Umsetzung und Monitoring von Prozessen. Wir kennen die Methoden und haben L\u00f6sungen.\",\"breadcrumb\":{\"@id\":\"https:\\\/\\\/www.althom.de\\\/ils-lsa\\\/#breadcrumb\"},\"inLanguage\":\"en-GB\",\"potentialAction\":[{\"@type\":\"ReadAction\",\"target\":[\"https:\\\/\\\/www.althom.de\\\/ils-lsa\\\/\"]}]},{\"@type\":\"BreadcrumbList\",\"@id\":\"https:\\\/\\\/www.althom.de\\\/ils-lsa\\\/#breadcrumb\",\"itemListElement\":[{\"@type\":\"ListItem\",\"position\":1,\"name\":\"Startseite\",\"item\":\"https:\\\/\\\/www.althom.de\\\/\"},{\"@type\":\"ListItem\",\"position\":2,\"name\":\"ILS\\\/LSA\"}]},{\"@type\":\"WebSite\",\"@id\":\"https:\\\/\\\/www.althom.de\\\/#website\",\"url\":\"https:\\\/\\\/www.althom.de\\\/\",\"name\":\"ALTHOM\",\"description\":\"Relaunche 2020\",\"publisher\":{\"@id\":\"https:\\\/\\\/www.althom.de\\\/#organization\"},\"potentialAction\":[{\"@type\":\"SearchAction\",\"target\":{\"@type\":\"EntryPoint\",\"urlTemplate\":\"https:\\\/\\\/www.althom.de\\\/?s={search_term_string}\"},\"query-input\":{\"@type\":\"PropertyValueSpecification\",\"valueRequired\":true,\"valueName\":\"search_term_string\"}}],\"inLanguage\":\"en-GB\"},{\"@type\":\"Organization\",\"@id\":\"https:\\\/\\\/www.althom.de\\\/#organization\",\"name\":\"ALTHOM GmbH\",\"url\":\"https:\\\/\\\/www.althom.de\\\/\",\"logo\":{\"@type\":\"ImageObject\",\"inLanguage\":\"en-GB\",\"@id\":\"https:\\\/\\\/www.althom.de\\\/#\\\/schema\\\/logo\\\/image\\\/\",\"url\":\"\",\"contentUrl\":\"\",\"caption\":\"ALTHOM GmbH\"},\"image\":{\"@id\":\"https:\\\/\\\/www.althom.de\\\/#\\\/schema\\\/logo\\\/image\\\/\"},\"sameAs\":[\"https:\\\/\\\/www.facebook.com\\\/AlthomGmbh\",\"https:\\\/\\\/www.linkedin.com\\\/company\\\/althom-gmbh\"]}]}<\/script>\n<!-- \/ Yoast SEO plugin. -->","yoast_head_json":{"title":"ILS\/LSA - Althom","description":"Wir bieten Ihnen die Spezifizierung, Entwicklung, Optimierung, Umsetzung und Monitoring von Prozessen. Wir kennen die Methoden und haben L\u00f6sungen.","robots":{"index":"index","follow":"follow","max-snippet":"max-snippet:-1","max-image-preview":"max-image-preview:large","max-video-preview":"max-video-preview:-1"},"canonical":"https:\/\/www.althom.de\/en\/ils-lsa\/","og_locale":"en_GB","og_type":"article","og_title":"ILS\/LSA - Althom","og_description":"Wir bieten Ihnen die Spezifizierung, Entwicklung, Optimierung, Umsetzung und Monitoring von Prozessen. Wir kennen die Methoden und haben L\u00f6sungen.","og_url":"https:\/\/www.althom.de\/en\/ils-lsa\/","og_site_name":"Althom","article_publisher":"https:\/\/www.facebook.com\/AlthomGmbh","article_modified_time":"2026-02-23T09:34:04+00:00","twitter_card":"summary_large_image","twitter_misc":{"Estimated reading time":"2 minutes"},"schema":{"@context":"https:\/\/schema.org","@graph":[{"@type":"WebPage","@id":"https:\/\/www.althom.de\/ils-lsa\/","url":"https:\/\/www.althom.de\/ils-lsa\/","name":"ILS\/LSA - Althom","isPartOf":{"@id":"https:\/\/www.althom.de\/#website"},"datePublished":"2026-02-23T09:33:23+00:00","dateModified":"2026-02-23T09:34:04+00:00","description":"Wir bieten Ihnen die Spezifizierung, Entwicklung, Optimierung, Umsetzung und Monitoring von Prozessen. Wir kennen die Methoden und haben L\u00f6sungen.","breadcrumb":{"@id":"https:\/\/www.althom.de\/ils-lsa\/#breadcrumb"},"inLanguage":"en-GB","potentialAction":[{"@type":"ReadAction","target":["https:\/\/www.althom.de\/ils-lsa\/"]}]},{"@type":"BreadcrumbList","@id":"https:\/\/www.althom.de\/ils-lsa\/#breadcrumb","itemListElement":[{"@type":"ListItem","position":1,"name":"Startseite","item":"https:\/\/www.althom.de\/"},{"@type":"ListItem","position":2,"name":"ILS\/LSA"}]},{"@type":"WebSite","@id":"https:\/\/www.althom.de\/#website","url":"https:\/\/www.althom.de\/","name":"ALTHOM","description":"Relaunche 2020","publisher":{"@id":"https:\/\/www.althom.de\/#organization"},"potentialAction":[{"@type":"SearchAction","target":{"@type":"EntryPoint","urlTemplate":"https:\/\/www.althom.de\/?s={search_term_string}"},"query-input":{"@type":"PropertyValueSpecification","valueRequired":true,"valueName":"search_term_string"}}],"inLanguage":"en-GB"},{"@type":"Organization","@id":"https:\/\/www.althom.de\/#organization","name":"ALTHOM GmbH","url":"https:\/\/www.althom.de\/","logo":{"@type":"ImageObject","inLanguage":"en-GB","@id":"https:\/\/www.althom.de\/#\/schema\/logo\/image\/","url":"","contentUrl":"","caption":"ALTHOM GmbH"},"image":{"@id":"https:\/\/www.althom.de\/#\/schema\/logo\/image\/"},"sameAs":["https:\/\/www.facebook.com\/AlthomGmbh","https:\/\/www.linkedin.com\/company\/althom-gmbh"]}]}},"_links":{"self":[{"href":"https:\/\/www.althom.de\/en\/wp-json\/wp\/v2\/pages\/3100","targetHints":{"allow":["GET"]}}],"collection":[{"href":"https:\/\/www.althom.de\/en\/wp-json\/wp\/v2\/pages"}],"about":[{"href":"https:\/\/www.althom.de\/en\/wp-json\/wp\/v2\/types\/page"}],"author":[{"embeddable":true,"href":"https:\/\/www.althom.de\/en\/wp-json\/wp\/v2\/users\/1"}],"replies":[{"embeddable":true,"href":"https:\/\/www.althom.de\/en\/wp-json\/wp\/v2\/comments?post=3100"}],"version-history":[{"count":7,"href":"https:\/\/www.althom.de\/en\/wp-json\/wp\/v2\/pages\/3100\/revisions"}],"predecessor-version":[{"id":3116,"href":"https:\/\/www.althom.de\/en\/wp-json\/wp\/v2\/pages\/3100\/revisions\/3116"}],"wp:attachment":[{"href":"https:\/\/www.althom.de\/en\/wp-json\/wp\/v2\/media?parent=3100"}],"curies":[{"name":"wp","href":"https:\/\/api.w.org\/{rel}","templated":true}]}}