{"id":2212,"date":"2023-07-14T08:40:41","date_gmt":"2023-07-14T06:40:41","guid":{"rendered":"https:\/\/www.althom.de\/?page_id=2212"},"modified":"2023-07-21T09:13:36","modified_gmt":"2023-07-21T07:13:36","slug":"zertifizierungsunterstuetzung","status":"publish","type":"page","link":"https:\/\/www.althom.de\/en\/zertifizierungsunterstuetzung\/","title":{"rendered":"Certification Support"},"content":{"rendered":"<div data-elementor-type=\"wp-page\" data-elementor-id=\"2212\" class=\"elementor elementor-2212\">\n\t\t\t\t\t\t<section class=\"elementor-section elementor-top-section elementor-element elementor-element-7bd0f853 elementor-section-height-min-height elementor-section-boxed elementor-section-height-default elementor-section-items-middle\" data-id=\"7bd0f853\" data-element_type=\"section\" data-e-type=\"section\" data-settings=\"{&quot;background_background&quot;:&quot;classic&quot;}\">\n\t\t\t\t\t\t\t<div class=\"elementor-background-overlay\"><\/div>\n\t\t\t\t\t\t\t<div class=\"elementor-container elementor-column-gap-default\">\n\t\t\t\t\t<div class=\"elementor-column elementor-col-100 elementor-top-column elementor-element elementor-element-606cf6ab\" data-id=\"606cf6ab\" data-element_type=\"column\" data-e-type=\"column\">\n\t\t\t<div class=\"elementor-widget-wrap elementor-element-populated\">\n\t\t\t\t\t\t<div class=\"elementor-element elementor-element-2ba56c15 elementor-invisible elementor-widget elementor-widget-heading\" data-id=\"2ba56c15\" data-element_type=\"widget\" data-e-type=\"widget\" data-settings=\"{&quot;_animation&quot;:&quot;fadeInLeft&quot;,&quot;_animation_delay&quot;:200}\" data-widget_type=\"heading.default\">\n\t\t\t\t<div class=\"elementor-widget-container\">\n\t\t\t\t\t<p class=\"elementor-heading-title elementor-size-default\">Certification Support<\/p>\t\t\t\t<\/div>\n\t\t\t\t<\/div>\n\t\t\t\t\t<\/div>\n\t\t<\/div>\n\t\t\t\t\t<\/div>\n\t\t<\/section>\n\t\t\t\t<section class=\"elementor-section elementor-top-section elementor-element elementor-element-3adb3bcf elementor-section-height-min-height elementor-section-boxed elementor-section-height-default elementor-section-items-middle\" data-id=\"3adb3bcf\" data-element_type=\"section\" data-e-type=\"section\" data-settings=\"{&quot;background_background&quot;:&quot;classic&quot;}\">\n\t\t\t\t\t\t\t<div class=\"elementor-background-overlay\"><\/div>\n\t\t\t\t\t\t\t<div class=\"elementor-container elementor-column-gap-default\">\n\t\t\t\t\t<div class=\"elementor-column elementor-col-100 elementor-top-column elementor-element elementor-element-b4f2433\" data-id=\"b4f2433\" data-element_type=\"column\" data-e-type=\"column\">\n\t\t\t<div class=\"elementor-widget-wrap elementor-element-populated\">\n\t\t\t\t\t\t<section class=\"elementor-section elementor-inner-section elementor-element elementor-element-222bc0ac elementor-section-boxed elementor-section-height-default elementor-section-height-default\" data-id=\"222bc0ac\" data-element_type=\"section\" data-e-type=\"section\">\n\t\t\t\t\t\t<div class=\"elementor-container elementor-column-gap-wider\">\n\t\t\t\t\t<div class=\"elementor-column elementor-col-50 elementor-inner-column elementor-element elementor-element-51385078\" data-id=\"51385078\" data-element_type=\"column\" data-e-type=\"column\">\n\t\t\t<div class=\"elementor-widget-wrap elementor-element-populated\">\n\t\t\t\t\t\t<div class=\"elementor-element elementor-element-27fe9ec elementor-widget elementor-widget-image\" data-id=\"27fe9ec\" data-element_type=\"widget\" data-e-type=\"widget\" data-widget_type=\"image.default\">\n\t\t\t\t<div class=\"elementor-widget-container\">\n\t\t\t\t\t\t\t\t\t\t\t\t\t\t\t<img fetchpriority=\"high\" decoding=\"async\" width=\"1024\" height=\"684\" src=\"https:\/\/www.althom.de\/wp-content\/uploads\/2023\/07\/certification1-1024x684.jpeg\" class=\"attachment-large size-large wp-image-2613\" alt=\"\" srcset=\"https:\/\/www.althom.de\/wp-content\/uploads\/2023\/07\/certification1-1024x684.jpeg 1024w, https:\/\/www.althom.de\/wp-content\/uploads\/2023\/07\/certification1-300x200.jpeg 300w, https:\/\/www.althom.de\/wp-content\/uploads\/2023\/07\/certification1-768x513.jpeg 768w, https:\/\/www.althom.de\/wp-content\/uploads\/2023\/07\/certification1-1536x1025.jpeg 1536w, https:\/\/www.althom.de\/wp-content\/uploads\/2023\/07\/certification1-2048x1367.jpeg 2048w, https:\/\/www.althom.de\/wp-content\/uploads\/2023\/07\/certification1-18x12.jpeg 18w\" sizes=\"(max-width: 1024px) 100vw, 1024px\" \/>\t\t\t\t\t\t\t\t\t\t\t\t\t\t\t<\/div>\n\t\t\t\t<\/div>\n\t\t\t\t\t<\/div>\n\t\t<\/div>\n\t\t\t\t<div class=\"elementor-column elementor-col-50 elementor-inner-column elementor-element elementor-element-3c688fef\" data-id=\"3c688fef\" data-element_type=\"column\" data-e-type=\"column\">\n\t\t\t<div class=\"elementor-widget-wrap elementor-element-populated\">\n\t\t\t\t\t\t<div class=\"elementor-element elementor-element-1cb2b607 elementor-widget elementor-widget-heading\" data-id=\"1cb2b607\" data-element_type=\"widget\" data-e-type=\"widget\" data-widget_type=\"heading.default\">\n\t\t\t\t<div class=\"elementor-widget-container\">\n\t\t\t\t\t<h2 class=\"elementor-heading-title elementor-size-default\">IFS Broker<\/h2>\t\t\t\t<\/div>\n\t\t\t\t<\/div>\n\t\t\t\t<div class=\"elementor-element elementor-element-468228dd elementor-invisible elementor-widget elementor-widget-text-editor\" data-id=\"468228dd\" data-element_type=\"widget\" data-e-type=\"widget\" data-settings=\"{&quot;_animation&quot;:&quot;fadeInUp&quot;,&quot;_animation_delay&quot;:500}\" data-widget_type=\"text-editor.default\">\n\t\t\t\t<div class=\"elementor-widget-container\">\n\t\t\t\t\t\t\t\t\t<p>Certification consulting according to the IFS Broker Standards<\/p><p>Brokers act as the interface between manufacturers and retailers and are gaining increasing importance in ensuring product requirements.<\/p><p>With the IFS Broker certification, your company can demonstrably ensure the implementation and compliance with food safety and quality requirements throughout the entire supply chain. By implementing a quality management system according to IFS Broker, these requirements can be effectively met.<\/p>\t\t\t\t\t\t\t\t<\/div>\n\t\t\t\t<\/div>\n\t\t\t\t<div class=\"elementor-element elementor-element-237c7f envato-kit-140-material-button elementor-align-left elementor-invisible elementor-widget elementor-widget-button\" data-id=\"237c7f\" data-element_type=\"widget\" data-e-type=\"widget\" data-settings=\"{&quot;_animation&quot;:&quot;fadeInUp&quot;,&quot;_animation_delay&quot;:900}\" data-widget_type=\"button.default\">\n\t\t\t\t<div class=\"elementor-widget-container\">\n\t\t\t\t\t\t\t\t\t<div class=\"elementor-button-wrapper\">\n\t\t\t\t\t<a class=\"elementor-button elementor-button-link elementor-size-md elementor-animation-push\" href=\"\/en\/ifs-broker\/\">\n\t\t\t\t\t\t<span class=\"elementor-button-content-wrapper\">\n\t\t\t\t\t\t<span class=\"elementor-button-icon\">\n\t\t\t\t<i aria-hidden=\"true\" class=\"fas fa-long-arrow-alt-right\"><\/i>\t\t\t<\/span>\n\t\t\t\t\t\t\t\t\t<span class=\"elementor-button-text\">MORE<\/span>\n\t\t\t\t\t<\/span>\n\t\t\t\t\t<\/a>\n\t\t\t\t<\/div>\n\t\t\t\t\t\t\t\t<\/div>\n\t\t\t\t<\/div>\n\t\t\t\t\t<\/div>\n\t\t<\/div>\n\t\t\t\t\t<\/div>\n\t\t<\/section>\n\t\t\t\t\t<\/div>\n\t\t<\/div>\n\t\t\t\t\t<\/div>\n\t\t<\/section>\n\t\t\t\t<section class=\"elementor-section elementor-top-section elementor-element elementor-element-46a96b58 elementor-section-boxed elementor-section-height-default elementor-section-height-default\" data-id=\"46a96b58\" data-element_type=\"section\" data-e-type=\"section\">\n\t\t\t\t\t\t<div class=\"elementor-container elementor-column-gap-default\">\n\t\t\t\t\t<div class=\"elementor-column elementor-col-100 elementor-top-column elementor-element elementor-element-5722d452\" data-id=\"5722d452\" data-element_type=\"column\" data-e-type=\"column\">\n\t\t\t<div class=\"elementor-widget-wrap elementor-element-populated\">\n\t\t\t\t\t\t<div class=\"elementor-element elementor-element-792826a3 elementor-align-center elementor-mobile-align-center elementor-widget elementor-widget-button\" data-id=\"792826a3\" data-element_type=\"widget\" data-e-type=\"widget\" data-settings=\"{&quot;_animation&quot;:&quot;none&quot;}\" data-widget_type=\"button.default\">\n\t\t\t\t<div class=\"elementor-widget-container\">\n\t\t\t\t\t\t\t\t\t<div class=\"elementor-button-wrapper\">\n\t\t\t\t\t<a class=\"elementor-button elementor-button-link elementor-size-sm\" href=\"https:\/\/www.althom.de\/en\/kontakt\/\">\n\t\t\t\t\t\t<span class=\"elementor-button-content-wrapper\">\n\t\t\t\t\t\t\t\t\t<span class=\"elementor-button-text\">CONTACT US<\/span>\n\t\t\t\t\t<\/span>\n\t\t\t\t\t<\/a>\n\t\t\t\t<\/div>\n\t\t\t\t\t\t\t\t<\/div>\n\t\t\t\t<\/div>\n\t\t\t\t\t<\/div>\n\t\t<\/div>\n\t\t\t\t\t<\/div>\n\t\t<\/section>\n\t\t\t\t<\/div>","protected":false},"excerpt":{"rendered":"<p>Zertifizierungsunterst\u00fctzung IFS Broker Zertifizierungsberatung nach den IFS Broker Standards Zwischenh\u00e4ndler (Broker) bilden die Schnittstelle zwischen Hersteller und H\u00e4ndler und gewinnen bei der Sicherstellung der Produktanforderungen immer mehr an Bedeutung. Mit der IFS Broker Zertifizierung sichert Ihr Unternehmen nachweislich die Umsetzung und Einhaltung der Lebensmittelsicherheits- und Qualit\u00e4tsanforderungen in der gesamten Lieferkette. Dank der Implementation eines Qualit\u00e4tsmanagementsystem [&hellip;]<\/p>\n","protected":false},"author":1,"featured_media":0,"parent":0,"menu_order":0,"comment_status":"closed","ping_status":"closed","template":"","meta":{"ocean_post_layout":"full-screen","ocean_both_sidebars_style":"","ocean_both_sidebars_content_width":0,"ocean_both_sidebars_sidebars_width":0,"ocean_sidebar":"0","ocean_second_sidebar":"0","ocean_disable_margins":"enable","ocean_add_body_class":"","ocean_shortcode_before_top_bar":"","ocean_shortcode_after_top_bar":"","ocean_shortcode_before_header":"","ocean_shortcode_after_header":"","ocean_has_shortcode":"","ocean_shortcode_after_title":"","ocean_shortcode_before_footer_widgets":"","ocean_shortcode_after_footer_widgets":"","ocean_shortcode_before_footer_bottom":"","ocean_shortcode_after_footer_bottom":"","ocean_display_top_bar":"off","ocean_display_header":"default","ocean_header_style":"","ocean_center_header_left_menu":"0","ocean_custom_header_template":"0","ocean_custom_logo":0,"ocean_custom_retina_logo":0,"ocean_custom_logo_max_width":0,"ocean_custom_logo_tablet_max_width":0,"ocean_custom_logo_mobile_max_width":0,"ocean_custom_logo_max_height":0,"ocean_custom_logo_tablet_max_height":0,"ocean_custom_logo_mobile_max_height":0,"ocean_header_custom_menu":"0","ocean_menu_typo_font_family":"0","ocean_menu_typo_font_subset":"","ocean_menu_typo_font_size":0,"ocean_menu_typo_font_size_tablet":0,"ocean_menu_typo_font_size_mobile":0,"ocean_menu_typo_font_size_unit":"px","ocean_menu_typo_font_weight":"","ocean_menu_typo_font_weight_tablet":"","ocean_menu_typo_font_weight_mobile":"","ocean_menu_typo_transform":"","ocean_menu_typo_transform_tablet":"","ocean_menu_typo_transform_mobile":"","ocean_menu_typo_line_height":0,"ocean_menu_typo_line_height_tablet":0,"ocean_menu_typo_line_height_mobile":0,"ocean_menu_typo_line_height_unit":"","ocean_menu_typo_spacing":0,"ocean_menu_typo_spacing_tablet":0,"ocean_menu_typo_spacing_mobile":0,"ocean_menu_typo_spacing_unit":"","ocean_menu_link_color":"","ocean_menu_link_color_hover":"","ocean_menu_link_color_active":"","ocean_menu_link_background":"","ocean_menu_link_hover_background":"","ocean_menu_link_active_background":"","ocean_menu_social_links_bg":"","ocean_menu_social_hover_links_bg":"","ocean_menu_social_links_color":"","ocean_menu_social_hover_links_color":"","ocean_disable_title":"on","ocean_disable_heading":"default","ocean_post_title":"","ocean_post_subheading":"","ocean_post_title_style":"","ocean_post_title_background_color":"","ocean_post_title_background":0,"ocean_post_title_bg_image_position":"","ocean_post_title_bg_image_attachment":"","ocean_post_title_bg_image_repeat":"","ocean_post_title_bg_image_size":"","ocean_post_title_height":0,"ocean_post_title_bg_overlay":0.5,"ocean_post_title_bg_overlay_color":"","ocean_disable_breadcrumbs":"default","ocean_breadcrumbs_color":"","ocean_breadcrumbs_separator_color":"","ocean_breadcrumbs_links_color":"","ocean_breadcrumbs_links_hover_color":"","ocean_display_footer_widgets":"default","ocean_display_footer_bottom":"default","ocean_custom_footer_template":"0","footnotes":""},"class_list":["post-2212","page","type-page","status-publish","hentry","entry"],"yoast_head":"<!-- This site is optimized with the Yoast SEO plugin v27.4 - https:\/\/yoast.com\/product\/yoast-seo-wordpress\/ -->\n<title>Zertifizierungs-unterst\u00fctzung - Althom<\/title>\n<meta name=\"description\" content=\"Wir bieten Ihnen die Spezifizierung, Entwicklung, Optimierung, Umsetzung und Monitoring von Prozessen. Wir kennen die Methoden und haben L\u00f6sungen.\" \/>\n<meta name=\"robots\" content=\"index, follow, max-snippet:-1, max-image-preview:large, max-video-preview:-1\" \/>\n<link rel=\"canonical\" href=\"https:\/\/www.althom.de\/en\/zertifizierungsunterstuetzung\/\" \/>\n<meta property=\"og:locale\" content=\"en_GB\" \/>\n<meta property=\"og:type\" content=\"article\" \/>\n<meta property=\"og:title\" content=\"Zertifizierungs-unterst\u00fctzung - Althom\" \/>\n<meta property=\"og:description\" content=\"Wir bieten Ihnen die Spezifizierung, Entwicklung, Optimierung, Umsetzung und Monitoring von Prozessen. Wir kennen die Methoden und haben L\u00f6sungen.\" \/>\n<meta property=\"og:url\" content=\"https:\/\/www.althom.de\/en\/zertifizierungsunterstuetzung\/\" \/>\n<meta property=\"og:site_name\" content=\"Althom\" \/>\n<meta property=\"article:publisher\" content=\"https:\/\/www.facebook.com\/AlthomGmbh\" \/>\n<meta property=\"article:modified_time\" content=\"2023-07-21T07:13:36+00:00\" \/>\n<meta property=\"og:image\" content=\"https:\/\/www.althom.de\/wp-content\/uploads\/2023\/07\/certification1-1024x684.jpeg\" \/>\n<meta name=\"twitter:card\" content=\"summary_large_image\" \/>\n<meta name=\"twitter:label1\" content=\"Estimated reading time\" \/>\n\t<meta name=\"twitter:data1\" content=\"1 minute\" \/>\n<script type=\"application\/ld+json\" class=\"yoast-schema-graph\">{\"@context\":\"https:\\\/\\\/schema.org\",\"@graph\":[{\"@type\":\"WebPage\",\"@id\":\"https:\\\/\\\/www.althom.de\\\/zertifizierungsunterstuetzung\\\/\",\"url\":\"https:\\\/\\\/www.althom.de\\\/zertifizierungsunterstuetzung\\\/\",\"name\":\"Zertifizierungs-unterst\u00fctzung - Althom\",\"isPartOf\":{\"@id\":\"https:\\\/\\\/www.althom.de\\\/#website\"},\"primaryImageOfPage\":{\"@id\":\"https:\\\/\\\/www.althom.de\\\/zertifizierungsunterstuetzung\\\/#primaryimage\"},\"image\":{\"@id\":\"https:\\\/\\\/www.althom.de\\\/zertifizierungsunterstuetzung\\\/#primaryimage\"},\"thumbnailUrl\":\"https:\\\/\\\/www.althom.de\\\/wp-content\\\/uploads\\\/2023\\\/07\\\/certification1-1024x684.jpeg\",\"datePublished\":\"2023-07-14T06:40:41+00:00\",\"dateModified\":\"2023-07-21T07:13:36+00:00\",\"description\":\"Wir bieten Ihnen die Spezifizierung, Entwicklung, Optimierung, Umsetzung und Monitoring von Prozessen. Wir kennen die Methoden und haben L\u00f6sungen.\",\"breadcrumb\":{\"@id\":\"https:\\\/\\\/www.althom.de\\\/zertifizierungsunterstuetzung\\\/#breadcrumb\"},\"inLanguage\":\"en-GB\",\"potentialAction\":[{\"@type\":\"ReadAction\",\"target\":[\"https:\\\/\\\/www.althom.de\\\/zertifizierungsunterstuetzung\\\/\"]}]},{\"@type\":\"ImageObject\",\"inLanguage\":\"en-GB\",\"@id\":\"https:\\\/\\\/www.althom.de\\\/zertifizierungsunterstuetzung\\\/#primaryimage\",\"url\":\"https:\\\/\\\/www.althom.de\\\/wp-content\\\/uploads\\\/2023\\\/07\\\/certification1-1024x684.jpeg\",\"contentUrl\":\"https:\\\/\\\/www.althom.de\\\/wp-content\\\/uploads\\\/2023\\\/07\\\/certification1-1024x684.jpeg\"},{\"@type\":\"BreadcrumbList\",\"@id\":\"https:\\\/\\\/www.althom.de\\\/zertifizierungsunterstuetzung\\\/#breadcrumb\",\"itemListElement\":[{\"@type\":\"ListItem\",\"position\":1,\"name\":\"Startseite\",\"item\":\"https:\\\/\\\/www.althom.de\\\/\"},{\"@type\":\"ListItem\",\"position\":2,\"name\":\"Zertifizierungs-unterst\u00fctzung\"}]},{\"@type\":\"WebSite\",\"@id\":\"https:\\\/\\\/www.althom.de\\\/#website\",\"url\":\"https:\\\/\\\/www.althom.de\\\/\",\"name\":\"ALTHOM\",\"description\":\"Relaunche 2020\",\"publisher\":{\"@id\":\"https:\\\/\\\/www.althom.de\\\/#organization\"},\"potentialAction\":[{\"@type\":\"SearchAction\",\"target\":{\"@type\":\"EntryPoint\",\"urlTemplate\":\"https:\\\/\\\/www.althom.de\\\/?s={search_term_string}\"},\"query-input\":{\"@type\":\"PropertyValueSpecification\",\"valueRequired\":true,\"valueName\":\"search_term_string\"}}],\"inLanguage\":\"en-GB\"},{\"@type\":\"Organization\",\"@id\":\"https:\\\/\\\/www.althom.de\\\/#organization\",\"name\":\"ALTHOM GmbH\",\"url\":\"https:\\\/\\\/www.althom.de\\\/\",\"logo\":{\"@type\":\"ImageObject\",\"inLanguage\":\"en-GB\",\"@id\":\"https:\\\/\\\/www.althom.de\\\/#\\\/schema\\\/logo\\\/image\\\/\",\"url\":\"\",\"contentUrl\":\"\",\"caption\":\"ALTHOM GmbH\"},\"image\":{\"@id\":\"https:\\\/\\\/www.althom.de\\\/#\\\/schema\\\/logo\\\/image\\\/\"},\"sameAs\":[\"https:\\\/\\\/www.facebook.com\\\/AlthomGmbh\",\"https:\\\/\\\/www.linkedin.com\\\/company\\\/althom-gmbh\"]}]}<\/script>\n<!-- \/ Yoast SEO plugin. -->","yoast_head_json":{"title":"Zertifizierungs-unterst\u00fctzung - Althom","description":"Wir bieten Ihnen die Spezifizierung, Entwicklung, Optimierung, Umsetzung und Monitoring von Prozessen. Wir kennen die Methoden und haben L\u00f6sungen.","robots":{"index":"index","follow":"follow","max-snippet":"max-snippet:-1","max-image-preview":"max-image-preview:large","max-video-preview":"max-video-preview:-1"},"canonical":"https:\/\/www.althom.de\/en\/zertifizierungsunterstuetzung\/","og_locale":"en_GB","og_type":"article","og_title":"Zertifizierungs-unterst\u00fctzung - Althom","og_description":"Wir bieten Ihnen die Spezifizierung, Entwicklung, Optimierung, Umsetzung und Monitoring von Prozessen. Wir kennen die Methoden und haben L\u00f6sungen.","og_url":"https:\/\/www.althom.de\/en\/zertifizierungsunterstuetzung\/","og_site_name":"Althom","article_publisher":"https:\/\/www.facebook.com\/AlthomGmbh","article_modified_time":"2023-07-21T07:13:36+00:00","og_image":[{"url":"https:\/\/www.althom.de\/wp-content\/uploads\/2023\/07\/certification1-1024x684.jpeg","type":"","width":"","height":""}],"twitter_card":"summary_large_image","twitter_misc":{"Estimated reading time":"1 minute"},"schema":{"@context":"https:\/\/schema.org","@graph":[{"@type":"WebPage","@id":"https:\/\/www.althom.de\/zertifizierungsunterstuetzung\/","url":"https:\/\/www.althom.de\/zertifizierungsunterstuetzung\/","name":"Zertifizierungs-unterst\u00fctzung - Althom","isPartOf":{"@id":"https:\/\/www.althom.de\/#website"},"primaryImageOfPage":{"@id":"https:\/\/www.althom.de\/zertifizierungsunterstuetzung\/#primaryimage"},"image":{"@id":"https:\/\/www.althom.de\/zertifizierungsunterstuetzung\/#primaryimage"},"thumbnailUrl":"https:\/\/www.althom.de\/wp-content\/uploads\/2023\/07\/certification1-1024x684.jpeg","datePublished":"2023-07-14T06:40:41+00:00","dateModified":"2023-07-21T07:13:36+00:00","description":"Wir bieten Ihnen die Spezifizierung, Entwicklung, Optimierung, Umsetzung und Monitoring von Prozessen. Wir kennen die Methoden und haben L\u00f6sungen.","breadcrumb":{"@id":"https:\/\/www.althom.de\/zertifizierungsunterstuetzung\/#breadcrumb"},"inLanguage":"en-GB","potentialAction":[{"@type":"ReadAction","target":["https:\/\/www.althom.de\/zertifizierungsunterstuetzung\/"]}]},{"@type":"ImageObject","inLanguage":"en-GB","@id":"https:\/\/www.althom.de\/zertifizierungsunterstuetzung\/#primaryimage","url":"https:\/\/www.althom.de\/wp-content\/uploads\/2023\/07\/certification1-1024x684.jpeg","contentUrl":"https:\/\/www.althom.de\/wp-content\/uploads\/2023\/07\/certification1-1024x684.jpeg"},{"@type":"BreadcrumbList","@id":"https:\/\/www.althom.de\/zertifizierungsunterstuetzung\/#breadcrumb","itemListElement":[{"@type":"ListItem","position":1,"name":"Startseite","item":"https:\/\/www.althom.de\/"},{"@type":"ListItem","position":2,"name":"Zertifizierungs-unterst\u00fctzung"}]},{"@type":"WebSite","@id":"https:\/\/www.althom.de\/#website","url":"https:\/\/www.althom.de\/","name":"ALTHOM","description":"Relaunche 2020","publisher":{"@id":"https:\/\/www.althom.de\/#organization"},"potentialAction":[{"@type":"SearchAction","target":{"@type":"EntryPoint","urlTemplate":"https:\/\/www.althom.de\/?s={search_term_string}"},"query-input":{"@type":"PropertyValueSpecification","valueRequired":true,"valueName":"search_term_string"}}],"inLanguage":"en-GB"},{"@type":"Organization","@id":"https:\/\/www.althom.de\/#organization","name":"ALTHOM GmbH","url":"https:\/\/www.althom.de\/","logo":{"@type":"ImageObject","inLanguage":"en-GB","@id":"https:\/\/www.althom.de\/#\/schema\/logo\/image\/","url":"","contentUrl":"","caption":"ALTHOM GmbH"},"image":{"@id":"https:\/\/www.althom.de\/#\/schema\/logo\/image\/"},"sameAs":["https:\/\/www.facebook.com\/AlthomGmbh","https:\/\/www.linkedin.com\/company\/althom-gmbh"]}]}},"_links":{"self":[{"href":"https:\/\/www.althom.de\/en\/wp-json\/wp\/v2\/pages\/2212","targetHints":{"allow":["GET"]}}],"collection":[{"href":"https:\/\/www.althom.de\/en\/wp-json\/wp\/v2\/pages"}],"about":[{"href":"https:\/\/www.althom.de\/en\/wp-json\/wp\/v2\/types\/page"}],"author":[{"embeddable":true,"href":"https:\/\/www.althom.de\/en\/wp-json\/wp\/v2\/users\/1"}],"replies":[{"embeddable":true,"href":"https:\/\/www.althom.de\/en\/wp-json\/wp\/v2\/comments?post=2212"}],"version-history":[{"count":29,"href":"https:\/\/www.althom.de\/en\/wp-json\/wp\/v2\/pages\/2212\/revisions"}],"predecessor-version":[{"id":2620,"href":"https:\/\/www.althom.de\/en\/wp-json\/wp\/v2\/pages\/2212\/revisions\/2620"}],"wp:attachment":[{"href":"https:\/\/www.althom.de\/en\/wp-json\/wp\/v2\/media?parent=2212"}],"curies":[{"name":"wp","href":"https:\/\/api.w.org\/{rel}","templated":true}]}}