{"id":1702,"date":"2022-05-18T12:06:25","date_gmt":"2022-05-18T10:06:25","guid":{"rendered":"https:\/\/www.althom.de\/?page_id=1702"},"modified":"2026-02-27T12:05:01","modified_gmt":"2026-02-27T11:05:01","slug":"qualitaetsmanagement","status":"publish","type":"page","link":"https:\/\/www.althom.de\/en\/qualitaetsmanagement\/","title":{"rendered":"Quality management"},"content":{"rendered":"<div data-elementor-type=\"wp-page\" data-elementor-id=\"1702\" class=\"elementor elementor-1702\">\n\t\t\t\t\t\t<section class=\"elementor-section elementor-top-section elementor-element elementor-element-690dc3ed elementor-section-height-min-height elementor-section-boxed elementor-section-height-default elementor-section-items-middle\" data-id=\"690dc3ed\" data-element_type=\"section\" data-e-type=\"section\" data-settings=\"{&quot;background_background&quot;:&quot;classic&quot;}\">\n\t\t\t\t\t\t\t<div class=\"elementor-background-overlay\"><\/div>\n\t\t\t\t\t\t\t<div class=\"elementor-container elementor-column-gap-default\">\n\t\t\t\t\t<div class=\"elementor-column elementor-col-100 elementor-top-column elementor-element elementor-element-66fd5e05\" data-id=\"66fd5e05\" data-element_type=\"column\" data-e-type=\"column\">\n\t\t\t<div class=\"elementor-widget-wrap elementor-element-populated\">\n\t\t\t\t\t\t<div class=\"elementor-element elementor-element-6bb7bf8 elementor-invisible elementor-widget elementor-widget-heading\" data-id=\"6bb7bf8\" data-element_type=\"widget\" data-e-type=\"widget\" data-settings=\"{&quot;_animation&quot;:&quot;fadeInLeft&quot;,&quot;_animation_delay&quot;:200}\" data-widget_type=\"heading.default\">\n\t\t\t\t<div class=\"elementor-widget-container\">\n\t\t\t\t\t<p class=\"elementor-heading-title elementor-size-default\">Quality Management<\/p>\t\t\t\t<\/div>\n\t\t\t\t<\/div>\n\t\t\t\t\t<\/div>\n\t\t<\/div>\n\t\t\t\t\t<\/div>\n\t\t<\/section>\n\t\t\t\t<section class=\"elementor-section elementor-top-section elementor-element elementor-element-cbc85af elementor-section-boxed elementor-section-height-default elementor-section-height-default\" data-id=\"cbc85af\" data-element_type=\"section\" data-e-type=\"section\">\n\t\t\t\t\t\t<div class=\"elementor-container elementor-column-gap-default\">\n\t\t\t\t\t<div class=\"elementor-column elementor-col-100 elementor-top-column elementor-element elementor-element-34c96d8\" data-id=\"34c96d8\" data-element_type=\"column\" data-e-type=\"column\">\n\t\t\t<div class=\"elementor-widget-wrap elementor-element-populated\">\n\t\t\t\t\t\t<div class=\"elementor-element elementor-element-3c05f02 elementor-widget elementor-widget-text-editor\" data-id=\"3c05f02\" data-element_type=\"widget\" data-e-type=\"widget\" data-settings=\"{&quot;_animation&quot;:&quot;none&quot;,&quot;_animation_delay&quot;:400}\" data-widget_type=\"text-editor.default\">\n\t\t\t\t<div class=\"elementor-widget-container\">\n\t\t\t\t\t\t\t\t\t<p>One of the main objectives of the ALTHOM Group is always to ensure high quality standards, customer satisfaction and process efficiency in order to meet market requirements quickly and flexibly. Our certified quality management system supports us as an innovative service provider for industrial customers in designing complex processes and implementing procedures in accordance with legal requirements.<\/p>\t\t\t\t\t\t\t\t<\/div>\n\t\t\t\t<\/div>\n\t\t\t\t\t<\/div>\n\t\t<\/div>\n\t\t\t\t\t<\/div>\n\t\t<\/section>\n\t\t\t\t<section class=\"elementor-section elementor-top-section elementor-element elementor-element-16c42c4b elementor-section-boxed elementor-section-height-default elementor-section-height-default\" data-id=\"16c42c4b\" data-element_type=\"section\" data-e-type=\"section\">\n\t\t\t\t\t\t<div class=\"elementor-container elementor-column-gap-default\">\n\t\t\t\t\t<div class=\"elementor-column elementor-col-100 elementor-top-column elementor-element elementor-element-5f042079\" data-id=\"5f042079\" data-element_type=\"column\" data-e-type=\"column\" data-settings=\"{&quot;background_background&quot;:&quot;classic&quot;,&quot;animation&quot;:&quot;none&quot;}\">\n\t\t\t<div class=\"elementor-widget-wrap elementor-element-populated\">\n\t\t\t\t\t\t<div class=\"elementor-element elementor-element-15a8a5d5 elementor-invisible elementor-widget elementor-widget-text-editor\" data-id=\"15a8a5d5\" data-element_type=\"widget\" data-e-type=\"widget\" data-settings=\"{&quot;_animation&quot;:&quot;fadeInUp&quot;}\" data-widget_type=\"text-editor.default\">\n\t\t\t\t<div class=\"elementor-widget-container\">\n\t\t\t\t\t\t\t\t\t<p><i>Quality black on white - ISO certification<\/i><\/p>\t\t\t\t\t\t\t\t<\/div>\n\t\t\t\t<\/div>\n\t\t\t\t\t<\/div>\n\t\t<\/div>\n\t\t\t\t\t<\/div>\n\t\t<\/section>\n\t\t\t\t<section class=\"elementor-section elementor-top-section elementor-element elementor-element-23c8307b elementor-section-boxed elementor-section-height-default elementor-section-height-default\" data-id=\"23c8307b\" data-element_type=\"section\" data-e-type=\"section\" data-settings=\"{&quot;background_background&quot;:&quot;classic&quot;}\">\n\t\t\t\t\t\t<div class=\"elementor-container elementor-column-gap-default\">\n\t\t\t\t\t<div class=\"elementor-column elementor-col-100 elementor-top-column elementor-element elementor-element-e728513\" data-id=\"e728513\" data-element_type=\"column\" data-e-type=\"column\">\n\t\t\t<div class=\"elementor-widget-wrap elementor-element-populated\">\n\t\t\t\t\t\t<div class=\"elementor-element elementor-element-24fcb25c elementor-widget elementor-widget-heading\" data-id=\"24fcb25c\" data-element_type=\"widget\" data-e-type=\"widget\" data-settings=\"{&quot;_animation&quot;:&quot;none&quot;}\" data-widget_type=\"heading.default\">\n\t\t\t\t<div class=\"elementor-widget-container\">\n\t\t\t\t\t<h2 class=\"elementor-heading-title elementor-size-default\">Certification of the QM management system<\/h2>\t\t\t\t<\/div>\n\t\t\t\t<\/div>\n\t\t\t\t<div class=\"elementor-element elementor-element-254418da elementor-widget elementor-widget-text-editor\" data-id=\"254418da\" data-element_type=\"widget\" data-e-type=\"widget\" data-settings=\"{&quot;_animation&quot;:&quot;none&quot;,&quot;_animation_delay&quot;:400}\" data-widget_type=\"text-editor.default\">\n\t\t\t\t<div class=\"elementor-widget-container\">\n\t\t\t\t\t\t\t\t\t<p class=\"translation-block\">With the internationally recognized certification of our quality management system according to <strong>DIN EN ISO 9001<\/strong>, we offer a strong customer orientation, increase efficiency within the ALTHOM Group and sustainably improve our processes and structures.\u00a0<\/p><p class=\"translation-block\">In addition, we ensure quality assurance in accordance with the <strong>EN 9100<\/strong> standards for organizations in the aerospace and defense industries. Our quality management system is implemented in all areas of the company, from development and production to maintenance, trade and distribution.<\/p>\t\t\t\t\t\t\t\t<\/div>\n\t\t\t\t<\/div>\n\t\t\t\t\t<\/div>\n\t\t<\/div>\n\t\t\t\t\t<\/div>\n\t\t<\/section>\n\t\t\t\t<section class=\"elementor-section elementor-top-section elementor-element elementor-element-c4ca52d elementor-section-boxed elementor-section-height-default elementor-section-height-default\" data-id=\"c4ca52d\" data-element_type=\"section\" data-e-type=\"section\">\n\t\t\t\t\t\t<div class=\"elementor-container elementor-column-gap-default\">\n\t\t\t\t\t<div class=\"elementor-column elementor-col-100 elementor-top-column elementor-element elementor-element-69ef426\" data-id=\"69ef426\" data-element_type=\"column\" data-e-type=\"column\">\n\t\t\t<div class=\"elementor-widget-wrap elementor-element-populated\">\n\t\t\t\t\t\t<div class=\"elementor-element elementor-element-2c71457 elementor-widget elementor-widget-spacer\" data-id=\"2c71457\" data-element_type=\"widget\" data-e-type=\"widget\" data-widget_type=\"spacer.default\">\n\t\t\t\t<div class=\"elementor-widget-container\">\n\t\t\t\t\t\t\t<div class=\"elementor-spacer\">\n\t\t\t<div class=\"elementor-spacer-inner\"><\/div>\n\t\t<\/div>\n\t\t\t\t\t\t<\/div>\n\t\t\t\t<\/div>\n\t\t\t\t\t<\/div>\n\t\t<\/div>\n\t\t\t\t\t<\/div>\n\t\t<\/section>\n\t\t\t\t<section class=\"elementor-section elementor-top-section elementor-element elementor-element-3ce5215 elementor-section-boxed elementor-section-height-default elementor-section-height-default\" data-id=\"3ce5215\" data-element_type=\"section\" data-e-type=\"section\">\n\t\t\t\t\t\t<div class=\"elementor-container elementor-column-gap-default\">\n\t\t\t\t\t<div class=\"elementor-column elementor-col-33 elementor-top-column elementor-element elementor-element-586b808\" data-id=\"586b808\" data-element_type=\"column\" data-e-type=\"column\">\n\t\t\t<div class=\"elementor-widget-wrap elementor-element-populated\">\n\t\t\t\t\t\t<div class=\"elementor-element elementor-element-07d64f9 elementor-widget elementor-widget-image\" data-id=\"07d64f9\" data-element_type=\"widget\" data-e-type=\"widget\" data-widget_type=\"image.default\">\n\t\t\t\t<div class=\"elementor-widget-container\">\n\t\t\t\t\t\t\t\t\t\t\t\t\t\t\t<img decoding=\"async\" src=\"https:\/\/www.althom.de\/wp-content\/uploads\/elementor\/thumbs\/9001-rjrnv6hxeri05n9prs7pkvbehiieod1osksef09i84.png\" title=\"9001\" alt=\"9001\" loading=\"lazy\" \/>\t\t\t\t\t\t\t\t\t\t\t\t\t\t\t<\/div>\n\t\t\t\t<\/div>\n\t\t\t\t<div class=\"elementor-element elementor-element-917c8ac elementor-widget elementor-widget-button\" data-id=\"917c8ac\" data-element_type=\"widget\" data-e-type=\"widget\" data-widget_type=\"button.default\">\n\t\t\t\t<div class=\"elementor-widget-container\">\n\t\t\t\t\t\t\t\t\t<div class=\"elementor-button-wrapper\">\n\t\t\t\t\t<a class=\"elementor-button elementor-button-link elementor-size-sm\" href=\"https:\/\/www.althom.de\/wp-content\/uploads\/2026\/02\/ALTHOM-DIN-ISO-9001.pdf\">\n\t\t\t\t\t\t<span class=\"elementor-button-content-wrapper\">\n\t\t\t\t\t\t\t\t\t<span class=\"elementor-button-text\">ISO 9001 certificate<\/span>\n\t\t\t\t\t<\/span>\n\t\t\t\t\t<\/a>\n\t\t\t\t<\/div>\n\t\t\t\t\t\t\t\t<\/div>\n\t\t\t\t<\/div>\n\t\t\t\t\t<\/div>\n\t\t<\/div>\n\t\t\t\t<div class=\"elementor-column elementor-col-33 elementor-top-column elementor-element elementor-element-69953e1\" data-id=\"69953e1\" data-element_type=\"column\" data-e-type=\"column\">\n\t\t\t<div class=\"elementor-widget-wrap elementor-element-populated\">\n\t\t\t\t\t\t<div class=\"elementor-element elementor-element-bea66be elementor-widget elementor-widget-image\" data-id=\"bea66be\" data-element_type=\"widget\" data-e-type=\"widget\" data-widget_type=\"image.default\">\n\t\t\t\t<div class=\"elementor-widget-container\">\n\t\t\t\t\t\t\t\t\t\t\t\t\t\t\t<img decoding=\"async\" src=\"https:\/\/www.althom.de\/wp-content\/uploads\/elementor\/thumbs\/9000-rjrnvkli9a1azsp8hgb449rbeakwvtlnuikom5olms.png\" title=\"9000\" alt=\"9000\" loading=\"lazy\" \/>\t\t\t\t\t\t\t\t\t\t\t\t\t\t\t<\/div>\n\t\t\t\t<\/div>\n\t\t\t\t<div class=\"elementor-element elementor-element-18125c4 elementor-widget elementor-widget-button\" data-id=\"18125c4\" data-element_type=\"widget\" data-e-type=\"widget\" data-widget_type=\"button.default\">\n\t\t\t\t<div class=\"elementor-widget-container\">\n\t\t\t\t\t\t\t\t\t<div class=\"elementor-button-wrapper\">\n\t\t\t\t\t<a class=\"elementor-button elementor-button-link elementor-size-sm\" href=\"https:\/\/www.althom.de\/wp-content\/uploads\/2026\/02\/ALTHOM-9100-EN.pdf\">\n\t\t\t\t\t\t<span class=\"elementor-button-content-wrapper\">\n\t\t\t\t\t\t\t\t\t<span class=\"elementor-button-text\">EN 9100 certificate<\/span>\n\t\t\t\t\t<\/span>\n\t\t\t\t\t<\/a>\n\t\t\t\t<\/div>\n\t\t\t\t\t\t\t\t<\/div>\n\t\t\t\t<\/div>\n\t\t\t\t\t<\/div>\n\t\t<\/div>\n\t\t\t\t<div class=\"elementor-column elementor-col-33 elementor-top-column elementor-element elementor-element-53bd461\" data-id=\"53bd461\" data-element_type=\"column\" data-e-type=\"column\">\n\t\t\t<div class=\"elementor-widget-wrap elementor-element-populated\">\n\t\t\t\t\t\t<div class=\"elementor-element elementor-element-6e6fd54 elementor-widget elementor-widget-image\" data-id=\"6e6fd54\" data-element_type=\"widget\" data-e-type=\"widget\" data-widget_type=\"image.default\">\n\t\t\t\t<div class=\"elementor-widget-container\">\n\t\t\t\t\t\t\t\t\t\t\t\t\t\t\t<img decoding=\"async\" src=\"https:\/\/www.althom.de\/wp-content\/uploads\/elementor\/thumbs\/annex-rjrnzb0fel5b419zokeritu8ce6egjfa0zv48q5ax0.png\" title=\"annex\" alt=\"annex\" loading=\"lazy\" \/>\t\t\t\t\t\t\t\t\t\t\t\t\t\t\t<\/div>\n\t\t\t\t<\/div>\n\t\t\t\t<div class=\"elementor-element elementor-element-6847a31 elementor-widget elementor-widget-button\" data-id=\"6847a31\" data-element_type=\"widget\" data-e-type=\"widget\" data-widget_type=\"button.default\">\n\t\t\t\t<div class=\"elementor-widget-container\">\n\t\t\t\t\t\t\t\t\t<div class=\"elementor-button-wrapper\">\n\t\t\t\t\t<a class=\"elementor-button elementor-button-link elementor-size-sm\" href=\"https:\/\/www.althom.de\/wp-content\/uploads\/2026\/02\/ALTHOM-9100-Locations.pdf\">\n\t\t\t\t\t\t<span class=\"elementor-button-content-wrapper\">\n\t\t\t\t\t\t\t\t\t<span class=\"elementor-button-text\">EN 9100 certificate<\/span>\n\t\t\t\t\t<\/span>\n\t\t\t\t\t<\/a>\n\t\t\t\t<\/div>\n\t\t\t\t\t\t\t\t<\/div>\n\t\t\t\t<\/div>\n\t\t\t\t\t<\/div>\n\t\t<\/div>\n\t\t\t\t\t<\/div>\n\t\t<\/section>\n\t\t\t\t<section class=\"elementor-section elementor-top-section elementor-element elementor-element-7e6cb07 elementor-section-boxed elementor-section-height-default elementor-section-height-default\" data-id=\"7e6cb07\" data-element_type=\"section\" data-e-type=\"section\">\n\t\t\t\t\t\t<div class=\"elementor-container elementor-column-gap-default\">\n\t\t\t\t\t<div class=\"elementor-column elementor-col-100 elementor-top-column elementor-element elementor-element-39943d7\" data-id=\"39943d7\" data-element_type=\"column\" data-e-type=\"column\">\n\t\t\t<div class=\"elementor-widget-wrap elementor-element-populated\">\n\t\t\t\t\t\t<div class=\"elementor-element elementor-element-014c4f2 elementor-widget elementor-widget-spacer\" data-id=\"014c4f2\" data-element_type=\"widget\" data-e-type=\"widget\" data-widget_type=\"spacer.default\">\n\t\t\t\t<div class=\"elementor-widget-container\">\n\t\t\t\t\t\t\t<div class=\"elementor-spacer\">\n\t\t\t<div class=\"elementor-spacer-inner\"><\/div>\n\t\t<\/div>\n\t\t\t\t\t\t<\/div>\n\t\t\t\t<\/div>\n\t\t\t\t\t<\/div>\n\t\t<\/div>\n\t\t\t\t\t<\/div>\n\t\t<\/section>\n\t\t\t\t<\/div>","protected":false},"excerpt":{"rendered":"<p>QUALIT\u00c4TSMANAGEMENT Ein wesentliches Ziel der ALTHOM Group ist es stets einen hohen Qualit\u00e4tsanspruch, Kundenzufriedenheit und Prozesseffizienz zu gew\u00e4hrleisten, um Anforderungen des Marktes schnell und flexibel zu begegnen. Unser zertifiziertes Qualit\u00e4tsmanagementsystem unterst\u00fctzt uns als innovativer Dienstleister f\u00fcr industrielle Kunden dabei, komplexe Prozesse zu gestalten und Abl\u00e4ufe nach den gesetzlichen Anforderungen umzusetzen. Qualit\u00e4t schwarz auf wei\u00df &#8211; [&hellip;]<\/p>\n","protected":false},"author":1,"featured_media":0,"parent":0,"menu_order":0,"comment_status":"closed","ping_status":"closed","template":"","meta":{"ocean_post_layout":"full-screen","ocean_both_sidebars_style":"","ocean_both_sidebars_content_width":0,"ocean_both_sidebars_sidebars_width":0,"ocean_sidebar":"0","ocean_second_sidebar":"0","ocean_disable_margins":"enable","ocean_add_body_class":"","ocean_shortcode_before_top_bar":"","ocean_shortcode_after_top_bar":"","ocean_shortcode_before_header":"","ocean_shortcode_after_header":"","ocean_has_shortcode":"","ocean_shortcode_after_title":"","ocean_shortcode_before_footer_widgets":"","ocean_shortcode_after_footer_widgets":"","ocean_shortcode_before_footer_bottom":"","ocean_shortcode_after_footer_bottom":"","ocean_display_top_bar":"default","ocean_display_header":"default","ocean_header_style":"","ocean_center_header_left_menu":"0","ocean_custom_header_template":"0","ocean_custom_logo":0,"ocean_custom_retina_logo":0,"ocean_custom_logo_max_width":0,"ocean_custom_logo_tablet_max_width":0,"ocean_custom_logo_mobile_max_width":0,"ocean_custom_logo_max_height":0,"ocean_custom_logo_tablet_max_height":0,"ocean_custom_logo_mobile_max_height":0,"ocean_header_custom_menu":"0","ocean_menu_typo_font_family":"0","ocean_menu_typo_font_subset":"","ocean_menu_typo_font_size":0,"ocean_menu_typo_font_size_tablet":0,"ocean_menu_typo_font_size_mobile":0,"ocean_menu_typo_font_size_unit":"px","ocean_menu_typo_font_weight":"","ocean_menu_typo_font_weight_tablet":"","ocean_menu_typo_font_weight_mobile":"","ocean_menu_typo_transform":"","ocean_menu_typo_transform_tablet":"","ocean_menu_typo_transform_mobile":"","ocean_menu_typo_line_height":0,"ocean_menu_typo_line_height_tablet":0,"ocean_menu_typo_line_height_mobile":0,"ocean_menu_typo_line_height_unit":"","ocean_menu_typo_spacing":0,"ocean_menu_typo_spacing_tablet":0,"ocean_menu_typo_spacing_mobile":0,"ocean_menu_typo_spacing_unit":"","ocean_menu_link_color":"","ocean_menu_link_color_hover":"","ocean_menu_link_color_active":"","ocean_menu_link_background":"","ocean_menu_link_hover_background":"","ocean_menu_link_active_background":"","ocean_menu_social_links_bg":"","ocean_menu_social_hover_links_bg":"","ocean_menu_social_links_color":"","ocean_menu_social_hover_links_color":"","ocean_disable_title":"default","ocean_disable_heading":"default","ocean_post_title":"","ocean_post_subheading":"","ocean_post_title_style":"","ocean_post_title_background_color":"","ocean_post_title_background":0,"ocean_post_title_bg_image_position":"","ocean_post_title_bg_image_attachment":"","ocean_post_title_bg_image_repeat":"","ocean_post_title_bg_image_size":"","ocean_post_title_height":0,"ocean_post_title_bg_overlay":0.5,"ocean_post_title_bg_overlay_color":"","ocean_disable_breadcrumbs":"default","ocean_breadcrumbs_color":"","ocean_breadcrumbs_separator_color":"","ocean_breadcrumbs_links_color":"","ocean_breadcrumbs_links_hover_color":"","ocean_display_footer_widgets":"default","ocean_display_footer_bottom":"default","ocean_custom_footer_template":"0","footnotes":""},"class_list":["post-1702","page","type-page","status-publish","hentry","entry"],"yoast_head":"<!-- This site is optimized with the Yoast SEO plugin v27.4 - https:\/\/yoast.com\/product\/yoast-seo-wordpress\/ -->\n<title>Qualit\u00e4tsmanagement - Althom<\/title>\n<meta name=\"robots\" content=\"index, follow, max-snippet:-1, max-image-preview:large, max-video-preview:-1\" \/>\n<link rel=\"canonical\" href=\"https:\/\/www.althom.de\/en\/qualitaetsmanagement\/\" \/>\n<meta property=\"og:locale\" content=\"en_GB\" \/>\n<meta property=\"og:type\" content=\"article\" \/>\n<meta property=\"og:title\" content=\"Qualit\u00e4tsmanagement - Althom\" \/>\n<meta property=\"og:description\" content=\"QUALIT\u00c4TSMANAGEMENT Ein wesentliches Ziel der ALTHOM Group ist es stets einen hohen Qualit\u00e4tsanspruch, Kundenzufriedenheit und Prozesseffizienz zu gew\u00e4hrleisten, um Anforderungen des Marktes schnell und flexibel zu begegnen. Unser zertifiziertes Qualit\u00e4tsmanagementsystem unterst\u00fctzt uns als innovativer Dienstleister f\u00fcr industrielle Kunden dabei, komplexe Prozesse zu gestalten und Abl\u00e4ufe nach den gesetzlichen Anforderungen umzusetzen. Qualit\u00e4t schwarz auf wei\u00df &#8211; [&hellip;]\" \/>\n<meta property=\"og:url\" content=\"https:\/\/www.althom.de\/en\/qualitaetsmanagement\/\" \/>\n<meta property=\"og:site_name\" content=\"Althom\" \/>\n<meta property=\"article:publisher\" content=\"https:\/\/www.facebook.com\/AlthomGmbh\" \/>\n<meta property=\"article:modified_time\" content=\"2026-02-27T11:05:01+00:00\" \/>\n<meta property=\"og:image\" content=\"https:\/\/www.althom.de\/wp-content\/uploads\/elementor\/thumbs\/9001-rjrnv6hxeri05n9prs7pkvbehiieod1osksef09i84.png\" \/>\n<meta name=\"twitter:card\" content=\"summary_large_image\" \/>\n<meta name=\"twitter:label1\" content=\"Estimated reading time\" \/>\n\t<meta name=\"twitter:data1\" content=\"2 minutes\" \/>\n<script type=\"application\/ld+json\" class=\"yoast-schema-graph\">{\"@context\":\"https:\\\/\\\/schema.org\",\"@graph\":[{\"@type\":\"WebPage\",\"@id\":\"https:\\\/\\\/www.althom.de\\\/qualitaetsmanagement\\\/\",\"url\":\"https:\\\/\\\/www.althom.de\\\/qualitaetsmanagement\\\/\",\"name\":\"Qualit\u00e4tsmanagement - Althom\",\"isPartOf\":{\"@id\":\"https:\\\/\\\/www.althom.de\\\/#website\"},\"primaryImageOfPage\":{\"@id\":\"https:\\\/\\\/www.althom.de\\\/qualitaetsmanagement\\\/#primaryimage\"},\"image\":{\"@id\":\"https:\\\/\\\/www.althom.de\\\/qualitaetsmanagement\\\/#primaryimage\"},\"thumbnailUrl\":\"https:\\\/\\\/www.althom.de\\\/wp-content\\\/uploads\\\/elementor\\\/thumbs\\\/9001-rjrnv6hxeri05n9prs7pkvbehiieod1osksef09i84.png\",\"datePublished\":\"2022-05-18T10:06:25+00:00\",\"dateModified\":\"2026-02-27T11:05:01+00:00\",\"breadcrumb\":{\"@id\":\"https:\\\/\\\/www.althom.de\\\/qualitaetsmanagement\\\/#breadcrumb\"},\"inLanguage\":\"en-GB\",\"potentialAction\":[{\"@type\":\"ReadAction\",\"target\":[\"https:\\\/\\\/www.althom.de\\\/qualitaetsmanagement\\\/\"]}]},{\"@type\":\"ImageObject\",\"inLanguage\":\"en-GB\",\"@id\":\"https:\\\/\\\/www.althom.de\\\/qualitaetsmanagement\\\/#primaryimage\",\"url\":\"https:\\\/\\\/www.althom.de\\\/wp-content\\\/uploads\\\/elementor\\\/thumbs\\\/9001-rjrnv6hxeri05n9prs7pkvbehiieod1osksef09i84.png\",\"contentUrl\":\"https:\\\/\\\/www.althom.de\\\/wp-content\\\/uploads\\\/elementor\\\/thumbs\\\/9001-rjrnv6hxeri05n9prs7pkvbehiieod1osksef09i84.png\"},{\"@type\":\"BreadcrumbList\",\"@id\":\"https:\\\/\\\/www.althom.de\\\/qualitaetsmanagement\\\/#breadcrumb\",\"itemListElement\":[{\"@type\":\"ListItem\",\"position\":1,\"name\":\"Startseite\",\"item\":\"https:\\\/\\\/www.althom.de\\\/\"},{\"@type\":\"ListItem\",\"position\":2,\"name\":\"Qualit\u00e4tsmanagement\"}]},{\"@type\":\"WebSite\",\"@id\":\"https:\\\/\\\/www.althom.de\\\/#website\",\"url\":\"https:\\\/\\\/www.althom.de\\\/\",\"name\":\"ALTHOM\",\"description\":\"Relaunche 2020\",\"publisher\":{\"@id\":\"https:\\\/\\\/www.althom.de\\\/#organization\"},\"potentialAction\":[{\"@type\":\"SearchAction\",\"target\":{\"@type\":\"EntryPoint\",\"urlTemplate\":\"https:\\\/\\\/www.althom.de\\\/?s={search_term_string}\"},\"query-input\":{\"@type\":\"PropertyValueSpecification\",\"valueRequired\":true,\"valueName\":\"search_term_string\"}}],\"inLanguage\":\"en-GB\"},{\"@type\":\"Organization\",\"@id\":\"https:\\\/\\\/www.althom.de\\\/#organization\",\"name\":\"ALTHOM GmbH\",\"url\":\"https:\\\/\\\/www.althom.de\\\/\",\"logo\":{\"@type\":\"ImageObject\",\"inLanguage\":\"en-GB\",\"@id\":\"https:\\\/\\\/www.althom.de\\\/#\\\/schema\\\/logo\\\/image\\\/\",\"url\":\"\",\"contentUrl\":\"\",\"caption\":\"ALTHOM GmbH\"},\"image\":{\"@id\":\"https:\\\/\\\/www.althom.de\\\/#\\\/schema\\\/logo\\\/image\\\/\"},\"sameAs\":[\"https:\\\/\\\/www.facebook.com\\\/AlthomGmbh\",\"https:\\\/\\\/www.linkedin.com\\\/company\\\/althom-gmbh\"]}]}<\/script>\n<!-- \/ Yoast SEO plugin. -->","yoast_head_json":{"title":"Qualit\u00e4tsmanagement - Althom","robots":{"index":"index","follow":"follow","max-snippet":"max-snippet:-1","max-image-preview":"max-image-preview:large","max-video-preview":"max-video-preview:-1"},"canonical":"https:\/\/www.althom.de\/en\/qualitaetsmanagement\/","og_locale":"en_GB","og_type":"article","og_title":"Qualit\u00e4tsmanagement - Althom","og_description":"QUALIT\u00c4TSMANAGEMENT Ein wesentliches Ziel der ALTHOM Group ist es stets einen hohen Qualit\u00e4tsanspruch, Kundenzufriedenheit und Prozesseffizienz zu gew\u00e4hrleisten, um Anforderungen des Marktes schnell und flexibel zu begegnen. Unser zertifiziertes Qualit\u00e4tsmanagementsystem unterst\u00fctzt uns als innovativer Dienstleister f\u00fcr industrielle Kunden dabei, komplexe Prozesse zu gestalten und Abl\u00e4ufe nach den gesetzlichen Anforderungen umzusetzen. Qualit\u00e4t schwarz auf wei\u00df &#8211; [&hellip;]","og_url":"https:\/\/www.althom.de\/en\/qualitaetsmanagement\/","og_site_name":"Althom","article_publisher":"https:\/\/www.facebook.com\/AlthomGmbh","article_modified_time":"2026-02-27T11:05:01+00:00","og_image":[{"url":"https:\/\/www.althom.de\/wp-content\/uploads\/elementor\/thumbs\/9001-rjrnv6hxeri05n9prs7pkvbehiieod1osksef09i84.png","type":"","width":"","height":""}],"twitter_card":"summary_large_image","twitter_misc":{"Estimated reading time":"2 minutes"},"schema":{"@context":"https:\/\/schema.org","@graph":[{"@type":"WebPage","@id":"https:\/\/www.althom.de\/qualitaetsmanagement\/","url":"https:\/\/www.althom.de\/qualitaetsmanagement\/","name":"Qualit\u00e4tsmanagement - Althom","isPartOf":{"@id":"https:\/\/www.althom.de\/#website"},"primaryImageOfPage":{"@id":"https:\/\/www.althom.de\/qualitaetsmanagement\/#primaryimage"},"image":{"@id":"https:\/\/www.althom.de\/qualitaetsmanagement\/#primaryimage"},"thumbnailUrl":"https:\/\/www.althom.de\/wp-content\/uploads\/elementor\/thumbs\/9001-rjrnv6hxeri05n9prs7pkvbehiieod1osksef09i84.png","datePublished":"2022-05-18T10:06:25+00:00","dateModified":"2026-02-27T11:05:01+00:00","breadcrumb":{"@id":"https:\/\/www.althom.de\/qualitaetsmanagement\/#breadcrumb"},"inLanguage":"en-GB","potentialAction":[{"@type":"ReadAction","target":["https:\/\/www.althom.de\/qualitaetsmanagement\/"]}]},{"@type":"ImageObject","inLanguage":"en-GB","@id":"https:\/\/www.althom.de\/qualitaetsmanagement\/#primaryimage","url":"https:\/\/www.althom.de\/wp-content\/uploads\/elementor\/thumbs\/9001-rjrnv6hxeri05n9prs7pkvbehiieod1osksef09i84.png","contentUrl":"https:\/\/www.althom.de\/wp-content\/uploads\/elementor\/thumbs\/9001-rjrnv6hxeri05n9prs7pkvbehiieod1osksef09i84.png"},{"@type":"BreadcrumbList","@id":"https:\/\/www.althom.de\/qualitaetsmanagement\/#breadcrumb","itemListElement":[{"@type":"ListItem","position":1,"name":"Startseite","item":"https:\/\/www.althom.de\/"},{"@type":"ListItem","position":2,"name":"Qualit\u00e4tsmanagement"}]},{"@type":"WebSite","@id":"https:\/\/www.althom.de\/#website","url":"https:\/\/www.althom.de\/","name":"ALTHOM","description":"Relaunche 2020","publisher":{"@id":"https:\/\/www.althom.de\/#organization"},"potentialAction":[{"@type":"SearchAction","target":{"@type":"EntryPoint","urlTemplate":"https:\/\/www.althom.de\/?s={search_term_string}"},"query-input":{"@type":"PropertyValueSpecification","valueRequired":true,"valueName":"search_term_string"}}],"inLanguage":"en-GB"},{"@type":"Organization","@id":"https:\/\/www.althom.de\/#organization","name":"ALTHOM GmbH","url":"https:\/\/www.althom.de\/","logo":{"@type":"ImageObject","inLanguage":"en-GB","@id":"https:\/\/www.althom.de\/#\/schema\/logo\/image\/","url":"","contentUrl":"","caption":"ALTHOM GmbH"},"image":{"@id":"https:\/\/www.althom.de\/#\/schema\/logo\/image\/"},"sameAs":["https:\/\/www.facebook.com\/AlthomGmbh","https:\/\/www.linkedin.com\/company\/althom-gmbh"]}]}},"_links":{"self":[{"href":"https:\/\/www.althom.de\/en\/wp-json\/wp\/v2\/pages\/1702","targetHints":{"allow":["GET"]}}],"collection":[{"href":"https:\/\/www.althom.de\/en\/wp-json\/wp\/v2\/pages"}],"about":[{"href":"https:\/\/www.althom.de\/en\/wp-json\/wp\/v2\/types\/page"}],"author":[{"embeddable":true,"href":"https:\/\/www.althom.de\/en\/wp-json\/wp\/v2\/users\/1"}],"replies":[{"embeddable":true,"href":"https:\/\/www.althom.de\/en\/wp-json\/wp\/v2\/comments?post=1702"}],"version-history":[{"count":28,"href":"https:\/\/www.althom.de\/en\/wp-json\/wp\/v2\/pages\/1702\/revisions"}],"predecessor-version":[{"id":3198,"href":"https:\/\/www.althom.de\/en\/wp-json\/wp\/v2\/pages\/1702\/revisions\/3198"}],"wp:attachment":[{"href":"https:\/\/www.althom.de\/en\/wp-json\/wp\/v2\/media?parent=1702"}],"curies":[{"name":"wp","href":"https:\/\/api.w.org\/{rel}","templated":true}]}}