{"id":134,"date":"2020-10-22T09:55:04","date_gmt":"2020-10-22T07:55:04","guid":{"rendered":"http:\/\/beta.althom.de\/?page_id=134"},"modified":"2022-11-02T13:04:44","modified_gmt":"2022-11-02T12:04:44","slug":"engineering-services","status":"publish","type":"page","link":"https:\/\/www.althom.de\/en\/engineering-services\/","title":{"rendered":"Engineering Services"},"content":{"rendered":"<div data-elementor-type=\"wp-page\" data-elementor-id=\"134\" class=\"elementor elementor-134\">\n\t\t\t\t\t\t<section class=\"elementor-section elementor-top-section elementor-element elementor-element-4f89bcec elementor-section-height-min-height elementor-section-boxed elementor-section-height-default elementor-section-items-middle\" data-id=\"4f89bcec\" data-element_type=\"section\" data-e-type=\"section\" data-settings=\"{&quot;background_background&quot;:&quot;classic&quot;}\">\n\t\t\t\t\t\t\t<div class=\"elementor-background-overlay\"><\/div>\n\t\t\t\t\t\t\t<div class=\"elementor-container elementor-column-gap-default\">\n\t\t\t\t\t<div class=\"elementor-column elementor-col-100 elementor-top-column elementor-element elementor-element-70aa33bc\" data-id=\"70aa33bc\" data-element_type=\"column\" data-e-type=\"column\">\n\t\t\t<div class=\"elementor-widget-wrap elementor-element-populated\">\n\t\t\t\t\t\t<div class=\"elementor-element elementor-element-e458d66 elementor-invisible elementor-widget elementor-widget-heading\" data-id=\"e458d66\" data-element_type=\"widget\" data-e-type=\"widget\" data-settings=\"{&quot;_animation&quot;:&quot;fadeInLeft&quot;,&quot;_animation_delay&quot;:200}\" data-widget_type=\"heading.default\">\n\t\t\t\t<div class=\"elementor-widget-container\">\n\t\t\t\t\t<p class=\"elementor-heading-title elementor-size-default\">ENGINEERING SERVICES<\/p>\t\t\t\t<\/div>\n\t\t\t\t<\/div>\n\t\t\t\t\t<\/div>\n\t\t<\/div>\n\t\t\t\t\t<\/div>\n\t\t<\/section>\n\t\t\t\t<section class=\"elementor-section elementor-top-section elementor-element elementor-element-6f13927f elementor-section-boxed elementor-section-height-default elementor-section-height-default\" data-id=\"6f13927f\" data-element_type=\"section\" data-e-type=\"section\" data-settings=\"{&quot;background_background&quot;:&quot;classic&quot;}\">\n\t\t\t\t\t\t<div class=\"elementor-container elementor-column-gap-default\">\n\t\t\t\t\t<div class=\"elementor-column elementor-col-100 elementor-top-column elementor-element elementor-element-7f93b205\" data-id=\"7f93b205\" data-element_type=\"column\" data-e-type=\"column\">\n\t\t\t<div class=\"elementor-widget-wrap elementor-element-populated\">\n\t\t\t\t\t\t<div class=\"elementor-element elementor-element-483b3be1 elementor-invisible elementor-widget elementor-widget-heading\" data-id=\"483b3be1\" data-element_type=\"widget\" data-e-type=\"widget\" data-settings=\"{&quot;_animation&quot;:&quot;fadeInUp&quot;}\" data-widget_type=\"heading.default\">\n\t\t\t\t<div class=\"elementor-widget-container\">\n\t\t\t\t\t<h2 class=\"elementor-heading-title elementor-size-default\">Our Services<\/h2>\t\t\t\t<\/div>\n\t\t\t\t<\/div>\n\t\t\t\t<div class=\"elementor-element elementor-element-4ab26126 elementor-widget elementor-widget-text-editor\" data-id=\"4ab26126\" data-element_type=\"widget\" data-e-type=\"widget\" data-settings=\"{&quot;_animation&quot;:&quot;none&quot;,&quot;_animation_delay&quot;:400}\" data-widget_type=\"text-editor.default\">\n\t\t\t\t<div class=\"elementor-widget-container\">\n\t\t\t\t\t\t\t\t\t<ul><li>Structural analysis for various components and parts under multiple loading conditions (stress, stability, static, dynamic, fatigue, linear, non-linear)<\/li><li>Thermal analysis (transient, steady-state analysis, structural \u2013 thermal analysis, optimization)<\/li><li>Fluid analysis - CFD (transient, steady-state, profile and surface optimization, fluid - thermal analysis, structural \u2013 fluid analysis)<\/li><li>Creation of stress reports that include the calculation results for each field of activity<\/li><li>Structure optimization and development for minimum material consumption and mass production<\/li><li>Circuit analysis and Wiring Diagrams<\/li><li>Conceptual design, 3D design and manufacturing drawings<\/li><\/ul>\t\t\t\t\t\t\t\t<\/div>\n\t\t\t\t<\/div>\n\t\t\t\t\t<\/div>\n\t\t<\/div>\n\t\t\t\t\t<\/div>\n\t\t<\/section>\n\t\t\t\t<section class=\"elementor-section elementor-top-section elementor-element elementor-element-21682b7f elementor-section-full_width elementor-section-height-default elementor-section-height-default\" data-id=\"21682b7f\" data-element_type=\"section\" data-e-type=\"section\">\n\t\t\t\t\t\t<div class=\"elementor-container elementor-column-gap-default\">\n\t\t\t\t\t<div class=\"elementor-column elementor-col-20 elementor-top-column elementor-element elementor-element-21afb23f elementor-invisible\" data-id=\"21afb23f\" data-element_type=\"column\" data-e-type=\"column\" data-settings=\"{&quot;background_background&quot;:&quot;classic&quot;,&quot;animation&quot;:&quot;pulse&quot;}\">\n\t\t\t<div class=\"elementor-widget-wrap elementor-element-populated\">\n\t\t\t\t\t<div class=\"elementor-background-overlay\"><\/div>\n\t\t\t\t\t\t<div class=\"elementor-element elementor-element-127d8e0d elementor-widget elementor-widget-heading\" data-id=\"127d8e0d\" data-element_type=\"widget\" data-e-type=\"widget\" data-widget_type=\"heading.default\">\n\t\t\t\t<div class=\"elementor-widget-container\">\n\t\t\t\t\t<h5 class=\"elementor-heading-title elementor-size-default\"><a href=\"https:\/\/www.althom.de\/en\/maschinenbau\/\">MECHANICAL ENGINEERING<\/a><\/h5>\t\t\t\t<\/div>\n\t\t\t\t<\/div>\n\t\t\t\t\t<\/div>\n\t\t<\/div>\n\t\t\t\t<div class=\"elementor-column elementor-col-20 elementor-top-column elementor-element elementor-element-77934a40 elementor-invisible\" data-id=\"77934a40\" data-element_type=\"column\" data-e-type=\"column\" data-settings=\"{&quot;background_background&quot;:&quot;classic&quot;,&quot;animation&quot;:&quot;pulse&quot;,&quot;animation_delay&quot;:200}\">\n\t\t\t<div class=\"elementor-widget-wrap elementor-element-populated\">\n\t\t\t\t\t<div class=\"elementor-background-overlay\"><\/div>\n\t\t\t\t\t\t<div class=\"elementor-element elementor-element-56ea4b29 elementor-widget elementor-widget-heading\" data-id=\"56ea4b29\" data-element_type=\"widget\" data-e-type=\"widget\" data-widget_type=\"heading.default\">\n\t\t\t\t<div class=\"elementor-widget-container\">\n\t\t\t\t\t<h5 class=\"elementor-heading-title elementor-size-default\"><a href=\"https:\/\/www.althom.de\/en\/hoch-und-tiefbau\/\">CIVIL ENGINEERING<\/a><\/h5>\t\t\t\t<\/div>\n\t\t\t\t<\/div>\n\t\t\t\t\t<\/div>\n\t\t<\/div>\n\t\t\t\t<div class=\"elementor-column elementor-col-20 elementor-top-column elementor-element elementor-element-6bdb4134 elementor-invisible\" data-id=\"6bdb4134\" data-element_type=\"column\" data-e-type=\"column\" data-settings=\"{&quot;background_background&quot;:&quot;classic&quot;,&quot;animation&quot;:&quot;pulse&quot;,&quot;animation_delay&quot;:400}\">\n\t\t\t<div class=\"elementor-widget-wrap elementor-element-populated\">\n\t\t\t\t\t<div class=\"elementor-background-overlay\"><\/div>\n\t\t\t\t\t\t<div class=\"elementor-element elementor-element-45cdd471 elementor-widget elementor-widget-heading\" data-id=\"45cdd471\" data-element_type=\"widget\" data-e-type=\"widget\" data-widget_type=\"heading.default\">\n\t\t\t\t<div class=\"elementor-widget-container\">\n\t\t\t\t\t<h5 class=\"elementor-heading-title elementor-size-default\"><a href=\"https:\/\/www.althom.de\/en\/luft-und-raumfahrttechnik\/\">AEROSPACE ENGINEERING<\/a><\/h5>\t\t\t\t<\/div>\n\t\t\t\t<\/div>\n\t\t\t\t\t<\/div>\n\t\t<\/div>\n\t\t\t\t<div class=\"elementor-column elementor-col-20 elementor-top-column elementor-element elementor-element-68d93f48 elementor-invisible\" data-id=\"68d93f48\" data-element_type=\"column\" data-e-type=\"column\" data-settings=\"{&quot;background_background&quot;:&quot;classic&quot;,&quot;animation&quot;:&quot;pulse&quot;,&quot;animation_delay&quot;:600}\">\n\t\t\t<div class=\"elementor-widget-wrap elementor-element-populated\">\n\t\t\t\t\t<div class=\"elementor-background-overlay\"><\/div>\n\t\t\t\t\t\t<div class=\"elementor-element elementor-element-726ccee8 elementor-widget elementor-widget-heading\" data-id=\"726ccee8\" data-element_type=\"widget\" data-e-type=\"widget\" data-widget_type=\"heading.default\">\n\t\t\t\t<div class=\"elementor-widget-container\">\n\t\t\t\t\t<h5 class=\"elementor-heading-title elementor-size-default\"><a href=\"https:\/\/www.althom.de\/en\/anlagenbau\/\">INDUSTRIAL ENGINEERING<\/a><\/h5>\t\t\t\t<\/div>\n\t\t\t\t<\/div>\n\t\t\t\t\t<\/div>\n\t\t<\/div>\n\t\t\t\t<div class=\"elementor-column elementor-col-20 elementor-top-column elementor-element elementor-element-61b42d0 elementor-invisible\" data-id=\"61b42d0\" data-element_type=\"column\" data-e-type=\"column\" data-settings=\"{&quot;background_background&quot;:&quot;classic&quot;,&quot;animation&quot;:&quot;pulse&quot;,&quot;animation_delay&quot;:600}\">\n\t\t\t<div class=\"elementor-widget-wrap elementor-element-populated\">\n\t\t\t\t\t<div class=\"elementor-background-overlay\"><\/div>\n\t\t\t\t\t\t<div class=\"elementor-element elementor-element-a480789 elementor-widget elementor-widget-heading\" data-id=\"a480789\" data-element_type=\"widget\" data-e-type=\"widget\" data-widget_type=\"heading.default\">\n\t\t\t\t<div class=\"elementor-widget-container\">\n\t\t\t\t\t<h5 class=\"elementor-heading-title elementor-size-default\"><a href=\"https:\/\/www.althom.de\/en\/elektrotechnik\/\">ELECTRICAL ENGINEERING<\/a><\/h5>\t\t\t\t<\/div>\n\t\t\t\t<\/div>\n\t\t\t\t\t<\/div>\n\t\t<\/div>\n\t\t\t\t\t<\/div>\n\t\t<\/section>\n\t\t\t\t<section class=\"elementor-section elementor-top-section elementor-element elementor-element-24e4788 elementor-section-boxed elementor-section-height-default elementor-section-height-default\" data-id=\"24e4788\" data-element_type=\"section\" data-e-type=\"section\">\n\t\t\t\t\t\t<div class=\"elementor-container elementor-column-gap-default\">\n\t\t\t\t\t<div class=\"elementor-column elementor-col-100 elementor-top-column elementor-element elementor-element-388febe0\" data-id=\"388febe0\" data-element_type=\"column\" data-e-type=\"column\">\n\t\t\t<div class=\"elementor-widget-wrap elementor-element-populated\">\n\t\t\t\t\t\t<div class=\"elementor-element elementor-element-2a41f5d elementor-align-center elementor-mobile-align-center elementor-widget elementor-widget-button\" data-id=\"2a41f5d\" data-element_type=\"widget\" data-e-type=\"widget\" data-settings=\"{&quot;_animation&quot;:&quot;none&quot;}\" data-widget_type=\"button.default\">\n\t\t\t\t<div class=\"elementor-widget-container\">\n\t\t\t\t\t\t\t\t\t<div class=\"elementor-button-wrapper\">\n\t\t\t\t\t<a class=\"elementor-button elementor-button-link elementor-size-sm\" href=\"https:\/\/www.althom.de\/en\/kontakt\/\">\n\t\t\t\t\t\t<span class=\"elementor-button-content-wrapper\">\n\t\t\t\t\t\t\t\t\t<span class=\"elementor-button-text\">CONTACT US<\/span>\n\t\t\t\t\t<\/span>\n\t\t\t\t\t<\/a>\n\t\t\t\t<\/div>\n\t\t\t\t\t\t\t\t<\/div>\n\t\t\t\t<\/div>\n\t\t\t\t\t<\/div>\n\t\t<\/div>\n\t\t\t\t\t<\/div>\n\t\t<\/section>\n\t\t\t\t<\/div>","protected":false},"excerpt":{"rendered":"<p>ENGINEERING SERVICES Unsere Dienstleistungen Strukturanalyse f\u00fcr verschiedene Komponenten und Teile unter verschiedenen Belastungsbedingungen (Stress, Stabilit\u00e4t, statisch, dynamisch, Erm\u00fcdung, linear, nichtlinear) Thermische Analyse (transiente, stetige Analyse, strukturelle &#8211; thermische Analyse, Optimierung) Str\u00f6mungsanalyse-Analyse &#8211; CFD (transient, stetig, Profil- und Oberfl\u00e4chenoptimierung, Fluid &#8211; thermische Analyse, Struktur-Fl\u00fcssigkeits-Analyse) Erstellung von Stressberichten gem\u00e4\u00df den geltenden Normen f\u00fcr jedes T\u00e4tigkeitsfeld Strukturoptimierung und [&hellip;]<\/p>\n","protected":false},"author":1,"featured_media":0,"parent":0,"menu_order":0,"comment_status":"closed","ping_status":"closed","template":"","meta":{"ocean_post_layout":"full-screen","ocean_both_sidebars_style":"","ocean_both_sidebars_content_width":0,"ocean_both_sidebars_sidebars_width":0,"ocean_sidebar":"0","ocean_second_sidebar":"0","ocean_disable_margins":"enable","ocean_add_body_class":"","ocean_shortcode_before_top_bar":"","ocean_shortcode_after_top_bar":"","ocean_shortcode_before_header":"","ocean_shortcode_after_header":"","ocean_has_shortcode":"","ocean_shortcode_after_title":"","ocean_shortcode_before_footer_widgets":"","ocean_shortcode_after_footer_widgets":"","ocean_shortcode_before_footer_bottom":"","ocean_shortcode_after_footer_bottom":"","ocean_display_top_bar":"off","ocean_display_header":"default","ocean_header_style":"","ocean_center_header_left_menu":"0","ocean_custom_header_template":"0","ocean_custom_logo":0,"ocean_custom_retina_logo":0,"ocean_custom_logo_max_width":0,"ocean_custom_logo_tablet_max_width":0,"ocean_custom_logo_mobile_max_width":0,"ocean_custom_logo_max_height":0,"ocean_custom_logo_tablet_max_height":0,"ocean_custom_logo_mobile_max_height":0,"ocean_header_custom_menu":"0","ocean_menu_typo_font_family":"0","ocean_menu_typo_font_subset":"","ocean_menu_typo_font_size":0,"ocean_menu_typo_font_size_tablet":0,"ocean_menu_typo_font_size_mobile":0,"ocean_menu_typo_font_size_unit":"px","ocean_menu_typo_font_weight":"","ocean_menu_typo_font_weight_tablet":"","ocean_menu_typo_font_weight_mobile":"","ocean_menu_typo_transform":"","ocean_menu_typo_transform_tablet":"","ocean_menu_typo_transform_mobile":"","ocean_menu_typo_line_height":0,"ocean_menu_typo_line_height_tablet":0,"ocean_menu_typo_line_height_mobile":0,"ocean_menu_typo_line_height_unit":"","ocean_menu_typo_spacing":0,"ocean_menu_typo_spacing_tablet":0,"ocean_menu_typo_spacing_mobile":0,"ocean_menu_typo_spacing_unit":"","ocean_menu_link_color":"","ocean_menu_link_color_hover":"","ocean_menu_link_color_active":"","ocean_menu_link_background":"","ocean_menu_link_hover_background":"","ocean_menu_link_active_background":"","ocean_menu_social_links_bg":"","ocean_menu_social_hover_links_bg":"","ocean_menu_social_links_color":"","ocean_menu_social_hover_links_color":"","ocean_disable_title":"on","ocean_disable_heading":"default","ocean_post_title":"","ocean_post_subheading":"","ocean_post_title_style":"","ocean_post_title_background_color":"","ocean_post_title_background":0,"ocean_post_title_bg_image_position":"","ocean_post_title_bg_image_attachment":"","ocean_post_title_bg_image_repeat":"","ocean_post_title_bg_image_size":"","ocean_post_title_height":0,"ocean_post_title_bg_overlay":0.5,"ocean_post_title_bg_overlay_color":"","ocean_disable_breadcrumbs":"default","ocean_breadcrumbs_color":"","ocean_breadcrumbs_separator_color":"","ocean_breadcrumbs_links_color":"","ocean_breadcrumbs_links_hover_color":"","ocean_display_footer_widgets":"default","ocean_display_footer_bottom":"default","ocean_custom_footer_template":"0","footnotes":""},"class_list":["post-134","page","type-page","status-publish","hentry","entry"],"yoast_head":"<!-- This site is optimized with the Yoast SEO plugin v27.4 - https:\/\/yoast.com\/product\/yoast-seo-wordpress\/ -->\n<title>Engineering Services - Althom<\/title>\n<meta name=\"description\" content=\"Strukturanalyse f\u00fcr verschiedene Komponenten und Teile, thermische Analysen, Str\u00f6mungsanalysen, Erstellung von Stressberichten.\" \/>\n<meta name=\"robots\" content=\"index, follow, max-snippet:-1, max-image-preview:large, max-video-preview:-1\" \/>\n<link rel=\"canonical\" href=\"https:\/\/www.althom.de\/en\/engineering-services\/\" \/>\n<meta property=\"og:locale\" content=\"en_GB\" \/>\n<meta property=\"og:type\" content=\"article\" \/>\n<meta property=\"og:title\" content=\"Engineering Services - Althom\" \/>\n<meta property=\"og:description\" content=\"Strukturanalyse f\u00fcr verschiedene Komponenten und Teile, thermische Analysen, Str\u00f6mungsanalysen, Erstellung von Stressberichten.\" \/>\n<meta property=\"og:url\" content=\"https:\/\/www.althom.de\/en\/engineering-services\/\" \/>\n<meta property=\"og:site_name\" content=\"Althom\" \/>\n<meta property=\"article:publisher\" content=\"https:\/\/www.facebook.com\/AlthomGmbh\" \/>\n<meta property=\"article:modified_time\" content=\"2022-11-02T12:04:44+00:00\" \/>\n<meta name=\"twitter:card\" content=\"summary_large_image\" \/>\n<meta name=\"twitter:label1\" content=\"Estimated reading time\" \/>\n\t<meta name=\"twitter:data1\" content=\"1 minute\" \/>\n<script type=\"application\/ld+json\" class=\"yoast-schema-graph\">{\"@context\":\"https:\\\/\\\/schema.org\",\"@graph\":[{\"@type\":\"WebPage\",\"@id\":\"https:\\\/\\\/www.althom.de\\\/engineering-services\\\/\",\"url\":\"https:\\\/\\\/www.althom.de\\\/engineering-services\\\/\",\"name\":\"Engineering Services - Althom\",\"isPartOf\":{\"@id\":\"https:\\\/\\\/www.althom.de\\\/#website\"},\"datePublished\":\"2020-10-22T07:55:04+00:00\",\"dateModified\":\"2022-11-02T12:04:44+00:00\",\"description\":\"Strukturanalyse f\u00fcr verschiedene Komponenten und Teile, thermische Analysen, Str\u00f6mungsanalysen, Erstellung von Stressberichten.\",\"breadcrumb\":{\"@id\":\"https:\\\/\\\/www.althom.de\\\/engineering-services\\\/#breadcrumb\"},\"inLanguage\":\"en-GB\",\"potentialAction\":[{\"@type\":\"ReadAction\",\"target\":[\"https:\\\/\\\/www.althom.de\\\/engineering-services\\\/\"]}]},{\"@type\":\"BreadcrumbList\",\"@id\":\"https:\\\/\\\/www.althom.de\\\/engineering-services\\\/#breadcrumb\",\"itemListElement\":[{\"@type\":\"ListItem\",\"position\":1,\"name\":\"Startseite\",\"item\":\"https:\\\/\\\/www.althom.de\\\/\"},{\"@type\":\"ListItem\",\"position\":2,\"name\":\"Engineering Services\"}]},{\"@type\":\"WebSite\",\"@id\":\"https:\\\/\\\/www.althom.de\\\/#website\",\"url\":\"https:\\\/\\\/www.althom.de\\\/\",\"name\":\"ALTHOM\",\"description\":\"Relaunche 2020\",\"publisher\":{\"@id\":\"https:\\\/\\\/www.althom.de\\\/#organization\"},\"potentialAction\":[{\"@type\":\"SearchAction\",\"target\":{\"@type\":\"EntryPoint\",\"urlTemplate\":\"https:\\\/\\\/www.althom.de\\\/?s={search_term_string}\"},\"query-input\":{\"@type\":\"PropertyValueSpecification\",\"valueRequired\":true,\"valueName\":\"search_term_string\"}}],\"inLanguage\":\"en-GB\"},{\"@type\":\"Organization\",\"@id\":\"https:\\\/\\\/www.althom.de\\\/#organization\",\"name\":\"ALTHOM GmbH\",\"url\":\"https:\\\/\\\/www.althom.de\\\/\",\"logo\":{\"@type\":\"ImageObject\",\"inLanguage\":\"en-GB\",\"@id\":\"https:\\\/\\\/www.althom.de\\\/#\\\/schema\\\/logo\\\/image\\\/\",\"url\":\"\",\"contentUrl\":\"\",\"caption\":\"ALTHOM GmbH\"},\"image\":{\"@id\":\"https:\\\/\\\/www.althom.de\\\/#\\\/schema\\\/logo\\\/image\\\/\"},\"sameAs\":[\"https:\\\/\\\/www.facebook.com\\\/AlthomGmbh\",\"https:\\\/\\\/www.linkedin.com\\\/company\\\/althom-gmbh\"]}]}<\/script>\n<!-- \/ Yoast SEO plugin. -->","yoast_head_json":{"title":"Engineering Services - Althom","description":"Strukturanalyse f\u00fcr verschiedene Komponenten und Teile, thermische Analysen, Str\u00f6mungsanalysen, Erstellung von Stressberichten.","robots":{"index":"index","follow":"follow","max-snippet":"max-snippet:-1","max-image-preview":"max-image-preview:large","max-video-preview":"max-video-preview:-1"},"canonical":"https:\/\/www.althom.de\/en\/engineering-services\/","og_locale":"en_GB","og_type":"article","og_title":"Engineering Services - Althom","og_description":"Strukturanalyse f\u00fcr verschiedene Komponenten und Teile, thermische Analysen, Str\u00f6mungsanalysen, Erstellung von Stressberichten.","og_url":"https:\/\/www.althom.de\/en\/engineering-services\/","og_site_name":"Althom","article_publisher":"https:\/\/www.facebook.com\/AlthomGmbh","article_modified_time":"2022-11-02T12:04:44+00:00","twitter_card":"summary_large_image","twitter_misc":{"Estimated reading time":"1 minute"},"schema":{"@context":"https:\/\/schema.org","@graph":[{"@type":"WebPage","@id":"https:\/\/www.althom.de\/engineering-services\/","url":"https:\/\/www.althom.de\/engineering-services\/","name":"Engineering Services - Althom","isPartOf":{"@id":"https:\/\/www.althom.de\/#website"},"datePublished":"2020-10-22T07:55:04+00:00","dateModified":"2022-11-02T12:04:44+00:00","description":"Strukturanalyse f\u00fcr verschiedene Komponenten und Teile, thermische Analysen, Str\u00f6mungsanalysen, Erstellung von Stressberichten.","breadcrumb":{"@id":"https:\/\/www.althom.de\/engineering-services\/#breadcrumb"},"inLanguage":"en-GB","potentialAction":[{"@type":"ReadAction","target":["https:\/\/www.althom.de\/engineering-services\/"]}]},{"@type":"BreadcrumbList","@id":"https:\/\/www.althom.de\/engineering-services\/#breadcrumb","itemListElement":[{"@type":"ListItem","position":1,"name":"Startseite","item":"https:\/\/www.althom.de\/"},{"@type":"ListItem","position":2,"name":"Engineering Services"}]},{"@type":"WebSite","@id":"https:\/\/www.althom.de\/#website","url":"https:\/\/www.althom.de\/","name":"ALTHOM","description":"Relaunche 2020","publisher":{"@id":"https:\/\/www.althom.de\/#organization"},"potentialAction":[{"@type":"SearchAction","target":{"@type":"EntryPoint","urlTemplate":"https:\/\/www.althom.de\/?s={search_term_string}"},"query-input":{"@type":"PropertyValueSpecification","valueRequired":true,"valueName":"search_term_string"}}],"inLanguage":"en-GB"},{"@type":"Organization","@id":"https:\/\/www.althom.de\/#organization","name":"ALTHOM GmbH","url":"https:\/\/www.althom.de\/","logo":{"@type":"ImageObject","inLanguage":"en-GB","@id":"https:\/\/www.althom.de\/#\/schema\/logo\/image\/","url":"","contentUrl":"","caption":"ALTHOM GmbH"},"image":{"@id":"https:\/\/www.althom.de\/#\/schema\/logo\/image\/"},"sameAs":["https:\/\/www.facebook.com\/AlthomGmbh","https:\/\/www.linkedin.com\/company\/althom-gmbh"]}]}},"_links":{"self":[{"href":"https:\/\/www.althom.de\/en\/wp-json\/wp\/v2\/pages\/134","targetHints":{"allow":["GET"]}}],"collection":[{"href":"https:\/\/www.althom.de\/en\/wp-json\/wp\/v2\/pages"}],"about":[{"href":"https:\/\/www.althom.de\/en\/wp-json\/wp\/v2\/types\/page"}],"author":[{"embeddable":true,"href":"https:\/\/www.althom.de\/en\/wp-json\/wp\/v2\/users\/1"}],"replies":[{"embeddable":true,"href":"https:\/\/www.althom.de\/en\/wp-json\/wp\/v2\/comments?post=134"}],"version-history":[{"count":33,"href":"https:\/\/www.althom.de\/en\/wp-json\/wp\/v2\/pages\/134\/revisions"}],"predecessor-version":[{"id":1863,"href":"https:\/\/www.althom.de\/en\/wp-json\/wp\/v2\/pages\/134\/revisions\/1863"}],"wp:attachment":[{"href":"https:\/\/www.althom.de\/en\/wp-json\/wp\/v2\/media?parent=134"}],"curies":[{"name":"wp","href":"https:\/\/api.w.org\/{rel}","templated":true}]}}